{"id":780,"date":"2022-08-10T07:16:36","date_gmt":"2022-08-10T07:16:36","guid":{"rendered":"https:\/\/www.marinaschokkerstrand.nl\/service-infos\/einkaufsmoeglichkeiten\/"},"modified":"2023-03-13T08:54:42","modified_gmt":"2023-03-13T08:54:42","slug":"einkaufsmoeglichkeiten","status":"publish","type":"page","link":"https:\/\/www.marinaschokkerstrand.nl\/de\/service-infos\/einkaufsmoeglichkeiten\/","title":{"rendered":"Einkaufsm\u00f6glichkeiten"},"content":{"rendered":"\n<style type=\"text\/css\" data-created_by=\"avia_inline_auto\" id=\"style-css-av-l6p27934-b487f8b5f140672085bd4120f9824be1\">\n.avia-section.av-l6p27934-b487f8b5f140672085bd4120f9824be1{\nbackground-repeat:no-repeat;\nbackground-image:url(https:\/\/www.marinaschokkerstrand.nl\/wp-content\/uploads\/2022\/08\/strand3.png);\nbackground-position:50% 100%;\nbackground-attachment:scroll;\n}\n<\/style>\n<div id='av_section_1'  class='avia-section av-l6p27934-b487f8b5f140672085bd4120f9824be1 main_color avia-section-default avia-no-border-styling  avia-builder-el-0  el_before_av_section  avia-builder-el-first  avia-full-stretch avia-bg-style-scroll av-minimum-height av-minimum-height-12 av-height-percent  container_wrap fullsize'  data-section-bg-repeat='stretch' data-av_minimum_height_pc='12' data-av_min_height_opt='percent'><div class='container av-section-cont-open' ><main  role=\"main\" itemprop=\"mainContentOfPage\"  class='template-page content  av-content-full alpha units'><div class='post-entry post-entry-type-page post-entry-780'><div class='entry-content-wrapper clearfix'>\n<\/div><\/div><\/main><!-- close content main element --><\/div><\/div>\n<style type=\"text\/css\" data-created_by=\"avia_inline_auto\" id=\"style-css-av-19gmz-2b18e240f3fa9e224089272564d0720b\">\n.avia-section.av-19gmz-2b18e240f3fa9e224089272564d0720b{\nbackground-color:#003973;\nbackground-image:unset;\n}\n<\/style>\n<div id='av_section_2'  class='avia-section av-19gmz-2b18e240f3fa9e224089272564d0720b main_color avia-section-no-padding avia-no-border-styling  avia-builder-el-1  el_after_av_section  el_before_av_section  avia-bg-style-scroll container_wrap fullsize'  ><div class='container av-section-cont-open' ><div class='template-page content  av-content-full alpha units'><div class='post-entry post-entry-type-page post-entry-780'><div class='entry-content-wrapper clearfix'>\n\n<style type=\"text\/css\" data-created_by=\"avia_inline_auto\" id=\"style-css-av-15xh7-62241253fc07e274a9f60fb49bf73f70\">\n.flex_column.av-15xh7-62241253fc07e274a9f60fb49bf73f70{\npadding:0 0 0 0;\nbackground-color:#ddf0f5;\n}\n<\/style>\n<div  class='flex_column av-15xh7-62241253fc07e274a9f60fb49bf73f70 av_one_full  avia-builder-el-2  avia-builder-el-no-sibling  first flex_column_div  '     ><style type=\"text\/css\" data-created_by=\"avia_inline_auto\" id=\"style-css-av-l6p243w4-cedfb1875c487909b6e8da6d2b44f5a6\">\n#top .av_textblock_section.av-l6p243w4-cedfb1875c487909b6e8da6d2b44f5a6 .avia_textblock{\nfont-size:18px;\ncolor:#ffffff;\n}\n<\/style>\n<section  class='av_textblock_section av-l6p243w4-cedfb1875c487909b6e8da6d2b44f5a6 '   itemscope=\"itemscope\" itemtype=\"https:\/\/schema.org\/CreativeWork\" ><div class='avia_textblock blok-home av_inherit_color'  itemprop=\"text\" ><p>F\u00fcr Ihre Eink\u00e4ufe im Supermarkt im 5 km entfernten Nagele k\u00f6nnen Sie sich im Hafenb\u00fcro ein Fahrrad ausleihen.<\/p>\n<\/div><\/section><\/div><\/div><\/div><\/div><!-- close content main div --><\/div><\/div><div id='av_section_3'  class='avia-section av-1l8hb-1b6f44825c393fed6ca4c962a94df237 main_color avia-section-default avia-no-border-styling  avia-builder-el-4  el_after_av_section  avia-builder-el-last  avia-bg-style-scroll container_wrap fullsize'  ><div class='container av-section-cont-open' ><div class='template-page content  av-content-full alpha units'><div class='post-entry post-entry-type-page post-entry-780'><div class='entry-content-wrapper clearfix'>\n\n<style type=\"text\/css\" data-created_by=\"avia_inline_auto\" id=\"style-css-av-l78zywot-994d1eea3d0ec6da295556a6baf375a4\">\n.flex_column.av-l78zywot-994d1eea3d0ec6da295556a6baf375a4{\npadding:15px 0 0 15px;\n}\n<\/style>\n<div  class='flex_column av-l78zywot-994d1eea3d0ec6da295556a6baf375a4 av_one_half  avia-builder-el-5  el_before_av_one_half  avia-builder-el-first  first flex_column_div  '     ><section  class='av_textblock_section av-l6p24jd0-e34bc7957498ebdc480ab99ac76f81b2 '   itemscope=\"itemscope\" itemtype=\"https:\/\/schema.org\/CreativeWork\" ><div class='avia_textblock'  itemprop=\"text\" ><h3><strong>Coop Supermarkt<\/strong><\/h3>\n<p><a href=\"https:\/\/goo.gl\/maps\/YpoFSt3oqoNRr1Gy7\" target=\"_blank\" rel=\"noopener\">Ring 86<\/a><br \/>\n<a href=\"https:\/\/goo.gl\/maps\/YpoFSt3oqoNRr1Gy7\" target=\"_blank\" rel=\"noopener\">8308 AN Nagele<\/a><br \/>\nMo-Mi 08:30-18:00 Uhr<br \/>\nDo 8:30-19:00 Uhr<br \/>\nFr 8:30-20:00 Uhr<br \/>\nSa 8:30-17:00 Uhr<br \/>\nSo geschlossen<\/p>\n<\/div><\/section><\/div><div  class='flex_column av-yzpj-a1dd6c8ded4600df0b613f9149262e41 av_one_half  avia-builder-el-7  el_after_av_one_half  avia-builder-el-last  flex_column_div  '     ><section  class='av_textblock_section av-l78zyatf-907f719a18198fe3969e18fedbc9a84f '   itemscope=\"itemscope\" itemtype=\"https:\/\/schema.org\/CreativeWork\" ><div class='avia_textblock'  itemprop=\"text\" ><p><iframe src=\"https:\/\/www.google.com\/maps\/embed?pb=!1m18!1m12!1m3!1d2420.8708481892095!2d5.720864816387352!3d52.64424633476555!2m3!1f0!2f0!3f0!3m2!1i1024!2i768!4f13.1!3m3!1m2!1s0x47c881296ed6d805%3A0x2e5eec02e003bed6!2sCoop!5e0!3m2!1snl!2snl!4v1661429029655!5m2!1snl!2snl\" width=\"600\" height=\"450\" style=\"border:0;\" allowfullscreen=\"\" loading=\"lazy\" referrerpolicy=\"no-referrer-when-downgrade\"><\/iframe><\/p>\n<\/div><\/section><\/div>\n<\/p>\n","protected":false},"excerpt":{"rendered":"","protected":false},"author":2,"featured_media":0,"parent":774,"menu_order":0,"comment_status":"closed","ping_status":"closed","template":"","meta":{"footnotes":""},"class_list":["post-780","page","type-page","status-publish","hentry"],"yoast_head":"<!-- This site is optimized with the Yoast SEO plugin v27.3 - https:\/\/yoast.com\/product\/yoast-seo-wordpress\/ -->\n<title>Einkaufsm\u00f6glichkeiten - Marina Schokkerstrand<\/title>\n<meta name=\"robots\" content=\"index, follow, max-snippet:-1, max-image-preview:large, max-video-preview:-1\" \/>\n<link rel=\"canonical\" href=\"https:\/\/www.marinaschokkerstrand.nl\/de\/service-infos\/einkaufsmoeglichkeiten\/\" \/>\n<meta property=\"og:locale\" content=\"de_DE\" \/>\n<meta property=\"og:type\" content=\"article\" \/>\n<meta property=\"og:title\" content=\"Einkaufsm\u00f6glichkeiten - Marina Schokkerstrand\" \/>\n<meta property=\"og:url\" content=\"https:\/\/www.marinaschokkerstrand.nl\/de\/service-infos\/einkaufsmoeglichkeiten\/\" \/>\n<meta property=\"og:site_name\" content=\"Marina Schokkerstrand\" \/>\n<meta property=\"article:publisher\" content=\"https:\/\/www.facebook.com\/MarinaSchokkerstrand\/\" \/>\n<meta property=\"article:modified_time\" content=\"2023-03-13T08:54:42+00:00\" \/>\n<meta name=\"twitter:card\" content=\"summary_large_image\" \/>\n<meta name=\"twitter:label1\" content=\"Gesch\u00e4tzte Lesezeit\" \/>\n\t<meta name=\"twitter:data1\" content=\"11\u00a0Minuten\" \/>\n<script type=\"application\/ld+json\" class=\"yoast-schema-graph\">{\"@context\":\"https:\\\/\\\/schema.org\",\"@graph\":[{\"@type\":\"WebPage\",\"@id\":\"https:\\\/\\\/www.marinaschokkerstrand.nl\\\/de\\\/service-infos\\\/einkaufsmoeglichkeiten\\\/\",\"url\":\"https:\\\/\\\/www.marinaschokkerstrand.nl\\\/de\\\/service-infos\\\/einkaufsmoeglichkeiten\\\/\",\"name\":\"Einkaufsm\u00f6glichkeiten - Marina Schokkerstrand\",\"isPartOf\":{\"@id\":\"https:\\\/\\\/www.marinaschokkerstrand.nl\\\/de\\\/#website\"},\"datePublished\":\"2022-08-10T07:16:36+00:00\",\"dateModified\":\"2023-03-13T08:54:42+00:00\",\"breadcrumb\":{\"@id\":\"https:\\\/\\\/www.marinaschokkerstrand.nl\\\/de\\\/service-infos\\\/einkaufsmoeglichkeiten\\\/#breadcrumb\"},\"inLanguage\":\"de\",\"potentialAction\":[{\"@type\":\"ReadAction\",\"target\":[\"https:\\\/\\\/www.marinaschokkerstrand.nl\\\/de\\\/service-infos\\\/einkaufsmoeglichkeiten\\\/\"]}]},{\"@type\":\"BreadcrumbList\",\"@id\":\"https:\\\/\\\/www.marinaschokkerstrand.nl\\\/de\\\/service-infos\\\/einkaufsmoeglichkeiten\\\/#breadcrumb\",\"itemListElement\":[{\"@type\":\"ListItem\",\"position\":1,\"name\":\"Home\",\"item\":\"https:\\\/\\\/www.marinaschokkerstrand.nl\\\/de\\\/de-jachthaven\\\/\"},{\"@type\":\"ListItem\",\"position\":2,\"name\":\"Service-Info\",\"item\":\"https:\\\/\\\/www.marinaschokkerstrand.nl\\\/de\\\/service-infos\\\/\"},{\"@type\":\"ListItem\",\"position\":3,\"name\":\"Einkaufsm\u00f6glichkeiten\"}]},{\"@type\":\"WebSite\",\"@id\":\"https:\\\/\\\/www.marinaschokkerstrand.nl\\\/de\\\/#website\",\"url\":\"https:\\\/\\\/www.marinaschokkerstrand.nl\\\/de\\\/\",\"name\":\"Marina Schokkerstrand\",\"description\":\"\",\"publisher\":{\"@id\":\"https:\\\/\\\/www.marinaschokkerstrand.nl\\\/de\\\/#organization\"},\"potentialAction\":[{\"@type\":\"SearchAction\",\"target\":{\"@type\":\"EntryPoint\",\"urlTemplate\":\"https:\\\/\\\/www.marinaschokkerstrand.nl\\\/de\\\/?s={search_term_string}\"},\"query-input\":{\"@type\":\"PropertyValueSpecification\",\"valueRequired\":true,\"valueName\":\"search_term_string\"}}],\"inLanguage\":\"de\"},{\"@type\":\"Organization\",\"@id\":\"https:\\\/\\\/www.marinaschokkerstrand.nl\\\/de\\\/#organization\",\"name\":\"Marina Schokkerstrand\",\"url\":\"https:\\\/\\\/www.marinaschokkerstrand.nl\\\/de\\\/\",\"logo\":{\"@type\":\"ImageObject\",\"inLanguage\":\"de\",\"@id\":\"https:\\\/\\\/www.marinaschokkerstrand.nl\\\/de\\\/#\\\/schema\\\/logo\\\/image\\\/\",\"url\":\"https:\\\/\\\/www.marinaschokkerstrand.nl\\\/wp-content\\\/uploads\\\/2022\\\/09\\\/LOGO-MARINA-SCHOKKERSTRAND-KLEIN.jpg\",\"contentUrl\":\"https:\\\/\\\/www.marinaschokkerstrand.nl\\\/wp-content\\\/uploads\\\/2022\\\/09\\\/LOGO-MARINA-SCHOKKERSTRAND-KLEIN.jpg\",\"width\":2055,\"height\":552,\"caption\":\"Marina Schokkerstrand\"},\"image\":{\"@id\":\"https:\\\/\\\/www.marinaschokkerstrand.nl\\\/de\\\/#\\\/schema\\\/logo\\\/image\\\/\"},\"sameAs\":[\"https:\\\/\\\/www.facebook.com\\\/MarinaSchokkerstrand\\\/\",\"https:\\\/\\\/www.instagram.com\\\/marina_schokkerstrand\\\/\"]}]}<\/script>\n<!-- \/ Yoast SEO plugin. -->","yoast_head_json":{"title":"Einkaufsm\u00f6glichkeiten - Marina Schokkerstrand","robots":{"index":"index","follow":"follow","max-snippet":"max-snippet:-1","max-image-preview":"max-image-preview:large","max-video-preview":"max-video-preview:-1"},"canonical":"https:\/\/www.marinaschokkerstrand.nl\/de\/service-infos\/einkaufsmoeglichkeiten\/","og_locale":"de_DE","og_type":"article","og_title":"Einkaufsm\u00f6glichkeiten - Marina Schokkerstrand","og_url":"https:\/\/www.marinaschokkerstrand.nl\/de\/service-infos\/einkaufsmoeglichkeiten\/","og_site_name":"Marina Schokkerstrand","article_publisher":"https:\/\/www.facebook.com\/MarinaSchokkerstrand\/","article_modified_time":"2023-03-13T08:54:42+00:00","twitter_card":"summary_large_image","twitter_misc":{"Gesch\u00e4tzte Lesezeit":"11\u00a0Minuten"},"schema":{"@context":"https:\/\/schema.org","@graph":[{"@type":"WebPage","@id":"https:\/\/www.marinaschokkerstrand.nl\/de\/service-infos\/einkaufsmoeglichkeiten\/","url":"https:\/\/www.marinaschokkerstrand.nl\/de\/service-infos\/einkaufsmoeglichkeiten\/","name":"Einkaufsm\u00f6glichkeiten - Marina Schokkerstrand","isPartOf":{"@id":"https:\/\/www.marinaschokkerstrand.nl\/de\/#website"},"datePublished":"2022-08-10T07:16:36+00:00","dateModified":"2023-03-13T08:54:42+00:00","breadcrumb":{"@id":"https:\/\/www.marinaschokkerstrand.nl\/de\/service-infos\/einkaufsmoeglichkeiten\/#breadcrumb"},"inLanguage":"de","potentialAction":[{"@type":"ReadAction","target":["https:\/\/www.marinaschokkerstrand.nl\/de\/service-infos\/einkaufsmoeglichkeiten\/"]}]},{"@type":"BreadcrumbList","@id":"https:\/\/www.marinaschokkerstrand.nl\/de\/service-infos\/einkaufsmoeglichkeiten\/#breadcrumb","itemListElement":[{"@type":"ListItem","position":1,"name":"Home","item":"https:\/\/www.marinaschokkerstrand.nl\/de\/de-jachthaven\/"},{"@type":"ListItem","position":2,"name":"Service-Info","item":"https:\/\/www.marinaschokkerstrand.nl\/de\/service-infos\/"},{"@type":"ListItem","position":3,"name":"Einkaufsm\u00f6glichkeiten"}]},{"@type":"WebSite","@id":"https:\/\/www.marinaschokkerstrand.nl\/de\/#website","url":"https:\/\/www.marinaschokkerstrand.nl\/de\/","name":"Marina Schokkerstrand","description":"","publisher":{"@id":"https:\/\/www.marinaschokkerstrand.nl\/de\/#organization"},"potentialAction":[{"@type":"SearchAction","target":{"@type":"EntryPoint","urlTemplate":"https:\/\/www.marinaschokkerstrand.nl\/de\/?s={search_term_string}"},"query-input":{"@type":"PropertyValueSpecification","valueRequired":true,"valueName":"search_term_string"}}],"inLanguage":"de"},{"@type":"Organization","@id":"https:\/\/www.marinaschokkerstrand.nl\/de\/#organization","name":"Marina Schokkerstrand","url":"https:\/\/www.marinaschokkerstrand.nl\/de\/","logo":{"@type":"ImageObject","inLanguage":"de","@id":"https:\/\/www.marinaschokkerstrand.nl\/de\/#\/schema\/logo\/image\/","url":"https:\/\/www.marinaschokkerstrand.nl\/wp-content\/uploads\/2022\/09\/LOGO-MARINA-SCHOKKERSTRAND-KLEIN.jpg","contentUrl":"https:\/\/www.marinaschokkerstrand.nl\/wp-content\/uploads\/2022\/09\/LOGO-MARINA-SCHOKKERSTRAND-KLEIN.jpg","width":2055,"height":552,"caption":"Marina Schokkerstrand"},"image":{"@id":"https:\/\/www.marinaschokkerstrand.nl\/de\/#\/schema\/logo\/image\/"},"sameAs":["https:\/\/www.facebook.com\/MarinaSchokkerstrand\/","https:\/\/www.instagram.com\/marina_schokkerstrand\/"]}]}},"_links":{"self":[{"href":"https:\/\/www.marinaschokkerstrand.nl\/de\/wp-json\/wp\/v2\/pages\/780","targetHints":{"allow":["GET"]}}],"collection":[{"href":"https:\/\/www.marinaschokkerstrand.nl\/de\/wp-json\/wp\/v2\/pages"}],"about":[{"href":"https:\/\/www.marinaschokkerstrand.nl\/de\/wp-json\/wp\/v2\/types\/page"}],"author":[{"embeddable":true,"href":"https:\/\/www.marinaschokkerstrand.nl\/de\/wp-json\/wp\/v2\/users\/2"}],"replies":[{"embeddable":true,"href":"https:\/\/www.marinaschokkerstrand.nl\/de\/wp-json\/wp\/v2\/comments?post=780"}],"version-history":[{"count":3,"href":"https:\/\/www.marinaschokkerstrand.nl\/de\/wp-json\/wp\/v2\/pages\/780\/revisions"}],"predecessor-version":[{"id":829,"href":"https:\/\/www.marinaschokkerstrand.nl\/de\/wp-json\/wp\/v2\/pages\/780\/revisions\/829"}],"up":[{"embeddable":true,"href":"https:\/\/www.marinaschokkerstrand.nl\/de\/wp-json\/wp\/v2\/pages\/774"}],"wp:attachment":[{"href":"https:\/\/www.marinaschokkerstrand.nl\/de\/wp-json\/wp\/v2\/media?parent=780"}],"curies":[{"name":"wp","href":"https:\/\/api.w.org\/{rel}","templated":true}]}}