{"id":776,"date":"2022-08-10T07:16:23","date_gmt":"2022-08-10T07:16:23","guid":{"rendered":"https:\/\/www.marinaschokkerstrand.nl\/service-infos\/gastronomie\/"},"modified":"2024-07-25T10:47:25","modified_gmt":"2024-07-25T10:47:25","slug":"gastronomie","status":"publish","type":"page","link":"https:\/\/www.marinaschokkerstrand.nl\/de\/service-infos\/gastronomie\/","title":{"rendered":"Gastronomie"},"content":{"rendered":"\n<style type=\"text\/css\" data-created_by=\"avia_inline_auto\" id=\"style-css-av-l6p28p8h-d3ffcfeaf2c5e4cf1cf8c4ca765ed2f7\">\n.avia-section.av-l6p28p8h-d3ffcfeaf2c5e4cf1cf8c4ca765ed2f7{\nbackground-repeat:no-repeat;\nbackground-image:url(https:\/\/www.marinaschokkerstrand.nl\/wp-content\/uploads\/2022\/08\/strand3.png);\nbackground-position:50% 100%;\nbackground-attachment:scroll;\n}\n<\/style>\n<div id='av_section_1'  class='avia-section av-l6p28p8h-d3ffcfeaf2c5e4cf1cf8c4ca765ed2f7 main_color avia-section-default avia-no-border-styling  avia-builder-el-0  el_before_av_one_half  avia-builder-el-first  avia-full-stretch avia-bg-style-scroll av-minimum-height av-minimum-height-12 av-height-percent  container_wrap fullsize'  data-section-bg-repeat='stretch' data-av_minimum_height_pc='12' data-av_min_height_opt='percent'><div class='container av-section-cont-open' ><main  role=\"main\" itemprop=\"mainContentOfPage\"  class='template-page content  av-content-full alpha units'><div class='post-entry post-entry-type-page post-entry-776'><div class='entry-content-wrapper clearfix'><\/div><\/div><\/main><!-- close content main element --><\/div><\/div><div id='after_section_1'  class='main_color av_default_container_wrap container_wrap fullsize'  ><div class='container av-section-cont-open' ><div class='template-page content  av-content-full alpha units'><div class='post-entry post-entry-type-page post-entry-776'><div class='entry-content-wrapper clearfix'>\n<div  class='flex_column av-1gcjx-323788e1c306671cd05588b4a176f857 av_one_half  avia-builder-el-1  el_after_av_section  el_before_av_one_half  avia-builder-el-first  first flex_column_div  '     ><section  class='av_textblock_section av-l6p1zmg7-626fb7afe7d9eb6fec030e2eb63c2c7f '   itemscope=\"itemscope\" itemtype=\"https:\/\/schema.org\/CreativeWork\" ><div class='avia_textblock'  itemprop=\"text\" ><h1 class=\"heading-2\">Restaurant Pier16<\/h1>\n<p class=\"heading-2\">Pier16, (ehemals Restaurant Schokkerhaven) ist ein gem\u00fctliches Restaurant mit einem wundersch\u00f6nen Blick auf das Ketelmeer und den Yachthafen und ist das ganze Jahr \u00fcber und auch bei schlechtem Wetter ge\u00f6ffnet. Pier16 serviert deftige Hausmannskost mit regionalen Produkten.<br \/>\n<a href=\"http:\/\/www.pier16.nl\">www.pier16.nl<\/a><br \/>\nTel: <a href=\"tel:+31527653222\">+31 (0)527 653 222<\/a><\/p>\n<div class=\"text-2\"><\/div>\n<\/div><\/section><\/div><div  class='flex_column av-308p-9c9a6806d781e0ca3588ab1037a81bc3 av_one_half  avia-builder-el-3  el_after_av_one_half  avia-builder-el-last  flex_column_div  '     ><style type=\"text\/css\" data-created_by=\"avia_inline_auto\" id=\"style-css-av-l6p2170k-5d385c296f781ac632a1f62ba9112bec\">\n.avia-image-container.av-l6p2170k-5d385c296f781ac632a1f62ba9112bec img.avia_image{\nbox-shadow:none;\n}\n.avia-image-container.av-l6p2170k-5d385c296f781ac632a1f62ba9112bec .av-image-caption-overlay-center{\ncolor:#ffffff;\n}\n<\/style>\n<div  class='avia-image-container av-l6p2170k-5d385c296f781ac632a1f62ba9112bec av-styling- avia-align-center  avia-builder-el-4  avia-builder-el-no-sibling '   itemprop=\"image\" itemscope=\"itemscope\" itemtype=\"https:\/\/schema.org\/ImageObject\" ><div class=\"avia-image-container-inner\"><div class=\"avia-image-overlay-wrap\"><img decoding=\"async\" fetchpriority=\"high\" class='wp-image-724 avia-img-lazy-loading-not-724 avia_image ' src=\"https:\/\/www.marinaschokkerstrand.nl\/wp-content\/uploads\/2022\/08\/terras-300x270.jpg\" alt='' title='terras'  height=\"270\" width=\"300\"  itemprop=\"thumbnailUrl\" srcset=\"https:\/\/www.marinaschokkerstrand.nl\/wp-content\/uploads\/2022\/08\/terras-300x270.jpg 300w, https:\/\/www.marinaschokkerstrand.nl\/wp-content\/uploads\/2022\/08\/terras.jpg 480w\" sizes=\"(max-width: 300px) 100vw, 300px\" \/><\/div><\/div><\/div><\/div><\/p>\n","protected":false},"excerpt":{"rendered":"","protected":false},"author":2,"featured_media":0,"parent":774,"menu_order":0,"comment_status":"closed","ping_status":"closed","template":"","meta":{"footnotes":""},"class_list":["post-776","page","type-page","status-publish","hentry"],"yoast_head":"<!-- This site is optimized with the Yoast SEO plugin v27.3 - https:\/\/yoast.com\/product\/yoast-seo-wordpress\/ -->\n<title>Gastronomie - Marina Schokkerstrand<\/title>\n<meta name=\"robots\" content=\"index, follow, max-snippet:-1, max-image-preview:large, max-video-preview:-1\" \/>\n<link rel=\"canonical\" href=\"https:\/\/www.marinaschokkerstrand.nl\/de\/service-infos\/gastronomie\/\" \/>\n<meta property=\"og:locale\" content=\"de_DE\" \/>\n<meta property=\"og:type\" content=\"article\" \/>\n<meta property=\"og:title\" content=\"Gastronomie - Marina Schokkerstrand\" \/>\n<meta property=\"og:url\" content=\"https:\/\/www.marinaschokkerstrand.nl\/de\/service-infos\/gastronomie\/\" \/>\n<meta property=\"og:site_name\" content=\"Marina Schokkerstrand\" \/>\n<meta property=\"article:publisher\" content=\"https:\/\/www.facebook.com\/MarinaSchokkerstrand\/\" \/>\n<meta property=\"article:modified_time\" content=\"2024-07-25T10:47:25+00:00\" \/>\n<meta name=\"twitter:card\" content=\"summary_large_image\" \/>\n<meta name=\"twitter:label1\" content=\"Gesch\u00e4tzte Lesezeit\" \/>\n\t<meta name=\"twitter:data1\" content=\"3\u00a0Minuten\" \/>\n<script type=\"application\/ld+json\" class=\"yoast-schema-graph\">{\"@context\":\"https:\\\/\\\/schema.org\",\"@graph\":[{\"@type\":\"WebPage\",\"@id\":\"https:\\\/\\\/www.marinaschokkerstrand.nl\\\/de\\\/service-infos\\\/gastronomie\\\/\",\"url\":\"https:\\\/\\\/www.marinaschokkerstrand.nl\\\/de\\\/service-infos\\\/gastronomie\\\/\",\"name\":\"Gastronomie - Marina Schokkerstrand\",\"isPartOf\":{\"@id\":\"https:\\\/\\\/www.marinaschokkerstrand.nl\\\/de\\\/#website\"},\"datePublished\":\"2022-08-10T07:16:23+00:00\",\"dateModified\":\"2024-07-25T10:47:25+00:00\",\"breadcrumb\":{\"@id\":\"https:\\\/\\\/www.marinaschokkerstrand.nl\\\/de\\\/service-infos\\\/gastronomie\\\/#breadcrumb\"},\"inLanguage\":\"de\",\"potentialAction\":[{\"@type\":\"ReadAction\",\"target\":[\"https:\\\/\\\/www.marinaschokkerstrand.nl\\\/de\\\/service-infos\\\/gastronomie\\\/\"]}]},{\"@type\":\"BreadcrumbList\",\"@id\":\"https:\\\/\\\/www.marinaschokkerstrand.nl\\\/de\\\/service-infos\\\/gastronomie\\\/#breadcrumb\",\"itemListElement\":[{\"@type\":\"ListItem\",\"position\":1,\"name\":\"Home\",\"item\":\"https:\\\/\\\/www.marinaschokkerstrand.nl\\\/de\\\/de-jachthaven\\\/\"},{\"@type\":\"ListItem\",\"position\":2,\"name\":\"Service-Info\",\"item\":\"https:\\\/\\\/www.marinaschokkerstrand.nl\\\/de\\\/service-infos\\\/\"},{\"@type\":\"ListItem\",\"position\":3,\"name\":\"Gastronomie\"}]},{\"@type\":\"WebSite\",\"@id\":\"https:\\\/\\\/www.marinaschokkerstrand.nl\\\/de\\\/#website\",\"url\":\"https:\\\/\\\/www.marinaschokkerstrand.nl\\\/de\\\/\",\"name\":\"Marina Schokkerstrand\",\"description\":\"\",\"publisher\":{\"@id\":\"https:\\\/\\\/www.marinaschokkerstrand.nl\\\/de\\\/#organization\"},\"potentialAction\":[{\"@type\":\"SearchAction\",\"target\":{\"@type\":\"EntryPoint\",\"urlTemplate\":\"https:\\\/\\\/www.marinaschokkerstrand.nl\\\/de\\\/?s={search_term_string}\"},\"query-input\":{\"@type\":\"PropertyValueSpecification\",\"valueRequired\":true,\"valueName\":\"search_term_string\"}}],\"inLanguage\":\"de\"},{\"@type\":\"Organization\",\"@id\":\"https:\\\/\\\/www.marinaschokkerstrand.nl\\\/de\\\/#organization\",\"name\":\"Marina Schokkerstrand\",\"url\":\"https:\\\/\\\/www.marinaschokkerstrand.nl\\\/de\\\/\",\"logo\":{\"@type\":\"ImageObject\",\"inLanguage\":\"de\",\"@id\":\"https:\\\/\\\/www.marinaschokkerstrand.nl\\\/de\\\/#\\\/schema\\\/logo\\\/image\\\/\",\"url\":\"https:\\\/\\\/www.marinaschokkerstrand.nl\\\/wp-content\\\/uploads\\\/2022\\\/09\\\/LOGO-MARINA-SCHOKKERSTRAND-KLEIN.jpg\",\"contentUrl\":\"https:\\\/\\\/www.marinaschokkerstrand.nl\\\/wp-content\\\/uploads\\\/2022\\\/09\\\/LOGO-MARINA-SCHOKKERSTRAND-KLEIN.jpg\",\"width\":2055,\"height\":552,\"caption\":\"Marina Schokkerstrand\"},\"image\":{\"@id\":\"https:\\\/\\\/www.marinaschokkerstrand.nl\\\/de\\\/#\\\/schema\\\/logo\\\/image\\\/\"},\"sameAs\":[\"https:\\\/\\\/www.facebook.com\\\/MarinaSchokkerstrand\\\/\",\"https:\\\/\\\/www.instagram.com\\\/marina_schokkerstrand\\\/\"]}]}<\/script>\n<!-- \/ Yoast SEO plugin. -->","yoast_head_json":{"title":"Gastronomie - Marina Schokkerstrand","robots":{"index":"index","follow":"follow","max-snippet":"max-snippet:-1","max-image-preview":"max-image-preview:large","max-video-preview":"max-video-preview:-1"},"canonical":"https:\/\/www.marinaschokkerstrand.nl\/de\/service-infos\/gastronomie\/","og_locale":"de_DE","og_type":"article","og_title":"Gastronomie - Marina Schokkerstrand","og_url":"https:\/\/www.marinaschokkerstrand.nl\/de\/service-infos\/gastronomie\/","og_site_name":"Marina Schokkerstrand","article_publisher":"https:\/\/www.facebook.com\/MarinaSchokkerstrand\/","article_modified_time":"2024-07-25T10:47:25+00:00","twitter_card":"summary_large_image","twitter_misc":{"Gesch\u00e4tzte Lesezeit":"3\u00a0Minuten"},"schema":{"@context":"https:\/\/schema.org","@graph":[{"@type":"WebPage","@id":"https:\/\/www.marinaschokkerstrand.nl\/de\/service-infos\/gastronomie\/","url":"https:\/\/www.marinaschokkerstrand.nl\/de\/service-infos\/gastronomie\/","name":"Gastronomie - Marina Schokkerstrand","isPartOf":{"@id":"https:\/\/www.marinaschokkerstrand.nl\/de\/#website"},"datePublished":"2022-08-10T07:16:23+00:00","dateModified":"2024-07-25T10:47:25+00:00","breadcrumb":{"@id":"https:\/\/www.marinaschokkerstrand.nl\/de\/service-infos\/gastronomie\/#breadcrumb"},"inLanguage":"de","potentialAction":[{"@type":"ReadAction","target":["https:\/\/www.marinaschokkerstrand.nl\/de\/service-infos\/gastronomie\/"]}]},{"@type":"BreadcrumbList","@id":"https:\/\/www.marinaschokkerstrand.nl\/de\/service-infos\/gastronomie\/#breadcrumb","itemListElement":[{"@type":"ListItem","position":1,"name":"Home","item":"https:\/\/www.marinaschokkerstrand.nl\/de\/de-jachthaven\/"},{"@type":"ListItem","position":2,"name":"Service-Info","item":"https:\/\/www.marinaschokkerstrand.nl\/de\/service-infos\/"},{"@type":"ListItem","position":3,"name":"Gastronomie"}]},{"@type":"WebSite","@id":"https:\/\/www.marinaschokkerstrand.nl\/de\/#website","url":"https:\/\/www.marinaschokkerstrand.nl\/de\/","name":"Marina Schokkerstrand","description":"","publisher":{"@id":"https:\/\/www.marinaschokkerstrand.nl\/de\/#organization"},"potentialAction":[{"@type":"SearchAction","target":{"@type":"EntryPoint","urlTemplate":"https:\/\/www.marinaschokkerstrand.nl\/de\/?s={search_term_string}"},"query-input":{"@type":"PropertyValueSpecification","valueRequired":true,"valueName":"search_term_string"}}],"inLanguage":"de"},{"@type":"Organization","@id":"https:\/\/www.marinaschokkerstrand.nl\/de\/#organization","name":"Marina Schokkerstrand","url":"https:\/\/www.marinaschokkerstrand.nl\/de\/","logo":{"@type":"ImageObject","inLanguage":"de","@id":"https:\/\/www.marinaschokkerstrand.nl\/de\/#\/schema\/logo\/image\/","url":"https:\/\/www.marinaschokkerstrand.nl\/wp-content\/uploads\/2022\/09\/LOGO-MARINA-SCHOKKERSTRAND-KLEIN.jpg","contentUrl":"https:\/\/www.marinaschokkerstrand.nl\/wp-content\/uploads\/2022\/09\/LOGO-MARINA-SCHOKKERSTRAND-KLEIN.jpg","width":2055,"height":552,"caption":"Marina Schokkerstrand"},"image":{"@id":"https:\/\/www.marinaschokkerstrand.nl\/de\/#\/schema\/logo\/image\/"},"sameAs":["https:\/\/www.facebook.com\/MarinaSchokkerstrand\/","https:\/\/www.instagram.com\/marina_schokkerstrand\/"]}]}},"_links":{"self":[{"href":"https:\/\/www.marinaschokkerstrand.nl\/de\/wp-json\/wp\/v2\/pages\/776","targetHints":{"allow":["GET"]}}],"collection":[{"href":"https:\/\/www.marinaschokkerstrand.nl\/de\/wp-json\/wp\/v2\/pages"}],"about":[{"href":"https:\/\/www.marinaschokkerstrand.nl\/de\/wp-json\/wp\/v2\/types\/page"}],"author":[{"embeddable":true,"href":"https:\/\/www.marinaschokkerstrand.nl\/de\/wp-json\/wp\/v2\/users\/2"}],"replies":[{"embeddable":true,"href":"https:\/\/www.marinaschokkerstrand.nl\/de\/wp-json\/wp\/v2\/comments?post=776"}],"version-history":[{"count":7,"href":"https:\/\/www.marinaschokkerstrand.nl\/de\/wp-json\/wp\/v2\/pages\/776\/revisions"}],"predecessor-version":[{"id":1686,"href":"https:\/\/www.marinaschokkerstrand.nl\/de\/wp-json\/wp\/v2\/pages\/776\/revisions\/1686"}],"up":[{"embeddable":true,"href":"https:\/\/www.marinaschokkerstrand.nl\/de\/wp-json\/wp\/v2\/pages\/774"}],"wp:attachment":[{"href":"https:\/\/www.marinaschokkerstrand.nl\/de\/wp-json\/wp\/v2\/media?parent=776"}],"curies":[{"name":"wp","href":"https:\/\/api.w.org\/{rel}","templated":true}]}}