{"id":762,"date":"2022-08-10T07:15:22","date_gmt":"2022-08-10T07:15:22","guid":{"rendered":"https:\/\/www.marinaschokkerstrand.nl\/de-jachthaven\/wassersportverein\/"},"modified":"2023-03-13T08:39:27","modified_gmt":"2023-03-13T08:39:27","slug":"wassersportverein","status":"publish","type":"page","link":"https:\/\/www.marinaschokkerstrand.nl\/de\/de-jachthaven\/wassersportverein\/","title":{"rendered":"Wassersportverein"},"content":{"rendered":"\n<style type=\"text\/css\" data-created_by=\"avia_inline_auto\" id=\"style-css-av-l6p2fuzo-17d2824d55a3234347ae87bac3ec5317\">\n.avia-section.av-l6p2fuzo-17d2824d55a3234347ae87bac3ec5317{\nbackground-repeat:no-repeat;\nbackground-image:url(https:\/\/www.marinaschokkerstrand.nl\/wp-content\/uploads\/2022\/08\/pixie_1660053877186.png);\nbackground-position:50% 100%;\nbackground-attachment:scroll;\n}\n<\/style>\n<div id='av_section_1'  class='avia-section av-l6p2fuzo-17d2824d55a3234347ae87bac3ec5317 main_color avia-section-default avia-no-border-styling  avia-builder-el-0  el_before_av_section  avia-builder-el-first  avia-full-stretch avia-bg-style-scroll av-minimum-height av-minimum-height-12 av-height-percent  container_wrap fullsize'  data-section-bg-repeat='stretch' data-av_minimum_height_pc='12' data-av_min_height_opt='percent'><div class='container av-section-cont-open' ><main  role=\"main\" itemprop=\"mainContentOfPage\"  class='template-page content  av-content-full alpha units'><div class='post-entry post-entry-type-page post-entry-762'><div class='entry-content-wrapper clearfix'>\n<\/div><\/div><\/main><!-- close content main element --><\/div><\/div>\n<style type=\"text\/css\" data-created_by=\"avia_inline_auto\" id=\"style-css-av-l6p2jjnt-ce96d2b99a992e50dfdede19791f7d9a\">\n.avia-section.av-l6p2jjnt-ce96d2b99a992e50dfdede19791f7d9a{\nbackground-color:#003973;\nbackground-image:unset;\n}\n<\/style>\n<div id='av_section_2'  class='avia-section av-l6p2jjnt-ce96d2b99a992e50dfdede19791f7d9a main_color avia-section-default avia-no-border-styling  avia-builder-el-1  el_after_av_section  el_before_av_section  avia-bg-style-scroll container_wrap fullsize'  ><div class='container av-section-cont-open' ><div class='template-page content  av-content-full alpha units'><div class='post-entry post-entry-type-page post-entry-762'><div class='entry-content-wrapper clearfix'>\n\n<style type=\"text\/css\" data-created_by=\"avia_inline_auto\" id=\"style-css-av-l6nmmm67-eec9c7a83139ab536b81b095ce748fd2\">\n#top .av_textblock_section.av-l6nmmm67-eec9c7a83139ab536b81b095ce748fd2 .avia_textblock{\ncolor:#00abc8;\n}\n<\/style>\n<section  class='av_textblock_section av-l6nmmm67-eec9c7a83139ab536b81b095ce748fd2 '   itemscope=\"itemscope\" itemtype=\"https:\/\/schema.org\/CreativeWork\" ><div class='avia_textblock av_inherit_color'  itemprop=\"text\" ><h2 style=\"color: white;\">Wassersportverein Schokkerhaven<\/h2>\n<\/div><\/section>\n\n<style type=\"text\/css\" data-created_by=\"avia_inline_auto\" id=\"style-css-av-l6nmm6uh-6a5fadd68d243ccd8bf3f8e8e66899ad\">\n#top .av_textblock_section.av-l6nmm6uh-6a5fadd68d243ccd8bf3f8e8e66899ad .avia_textblock{\ncolor:#ffffff;\n}\n<\/style>\n<section  class='av_textblock_section av-l6nmm6uh-6a5fadd68d243ccd8bf3f8e8e66899ad '   itemscope=\"itemscope\" itemtype=\"https:\/\/schema.org\/CreativeWork\" ><div class='avia_textblock av_inherit_color'  itemprop=\"text\" ><p>Die Marina Schokkerstrand hat einen eigenen Wassersportclub.<\/p>\n<p>Zweck des Vereins:<\/p>\n<ul style=\"color: white;\">\n<li>Vertretung der Interessen der Mitglieder und des Wassersports im Allgemeinen<\/li>\n<li>St\u00e4rkung des Zusammenhalts zwischen den Mitgliedern untereinander<\/li>\n<li>Organisation von Segelwettbewerben f\u00fcr alle Mitglieder<\/li>\n<li>Organisation von Ausfl\u00fcgen und T\u00f6rns f\u00fcr Segel- und Motorboote<\/li>\n<li>Erfahrungsaustausch unter anderem bei Ausfl\u00fcgen und T\u00f6rns, als Mitfahrer oder w\u00e4hrend der Schokker-Stunden an der Bar<\/li>\n<li>Bereitstellung von Informationen (Aktuelles) am schwarzen Brett vor dem Hafenamt<\/li>\n<\/ul>\n<p>Sie sind herzlich eingeladen, sich als Mitglied anzumelden!<br \/>\nWSV Schokkerhaven<\/p>\n<\/div><\/section>\n<\/div><\/div><\/div><!-- close content main div --><\/div><\/div><div id='av_section_3'  class='avia-section av-swsr-2764840968528fec959532148d4bc440 main_color avia-section-default avia-no-border-styling  avia-builder-el-4  el_after_av_section  avia-builder-el-last  avia-bg-style-scroll container_wrap fullsize'  ><div class='container av-section-cont-open' ><div class='template-page content  av-content-full alpha units'><div class='post-entry post-entry-type-page post-entry-762'><div class='entry-content-wrapper clearfix'>\n<div id='av-masonry-1' class='av-masonry av-l7906nek-7f044679a7736eeb77bc1deb1b6b9855 noHover av-fixed-size av-large-gap av-hover-overlay-active av-masonry-animation-active av-masonry-col-flexible av-caption-always av-caption-style- av-masonry-gallery ' data-post_id=\"762\"><div class=\"av-masonry-container isotope av-js-disabled\"><div class='av-masonry-entry isotope-item av-masonry-item-no-image '><\/div><a href=\"https:\/\/www.marinaschokkerstrand.nl\/wp-content\/uploads\/2022\/08\/1unnamed-1030x773.jpg\" data-srcset=\"https:\/\/www.marinaschokkerstrand.nl\/wp-content\/uploads\/2022\/08\/1unnamed-1030x773.jpg 1030w, https:\/\/www.marinaschokkerstrand.nl\/wp-content\/uploads\/2022\/08\/1unnamed-300x225.jpg 300w, https:\/\/www.marinaschokkerstrand.nl\/wp-content\/uploads\/2022\/08\/1unnamed-768x576.jpg 768w, https:\/\/www.marinaschokkerstrand.nl\/wp-content\/uploads\/2022\/08\/1unnamed-1536x1152.jpg 1536w, https:\/\/www.marinaschokkerstrand.nl\/wp-content\/uploads\/2022\/08\/1unnamed-2048x1536.jpg 2048w, https:\/\/www.marinaschokkerstrand.nl\/wp-content\/uploads\/2022\/08\/1unnamed-1500x1125.jpg 1500w, https:\/\/www.marinaschokkerstrand.nl\/wp-content\/uploads\/2022\/08\/1unnamed-705x529.jpg 705w\" data-sizes=\"(max-width: 1030px) 100vw, 1030px\"  aria-label=\"Bild 1unnamed\"  id='av-masonry-1-item-727' data-av-masonry-item='727' class='av-masonry-entry isotope-item post-727 attachment type-attachment status-inherit hentry  av-masonry-item-with-image' title=\"1unnamed\" alt=\"\"    itemprop=\"thumbnailUrl\" ><div class='av-inner-masonry-sizer'><\/div><figure class='av-inner-masonry main_color'><div class=\"av-masonry-outerimage-container\"><div class='av-masonry-image-container' style=\"background-image: url(https:\/\/www.marinaschokkerstrand.nl\/wp-content\/uploads\/2022\/08\/1unnamed-845x321.jpg);\"  title=\"1unnamed\" ><\/div><\/div><\/figure><\/a><!--end av-masonry entry--><a href=\"https:\/\/www.marinaschokkerstrand.nl\/wp-content\/uploads\/2022\/08\/jachtmakelaar.jpg\" data-srcset=\"https:\/\/www.marinaschokkerstrand.nl\/wp-content\/uploads\/2022\/08\/jachtmakelaar.jpg 480w, https:\/\/www.marinaschokkerstrand.nl\/wp-content\/uploads\/2022\/08\/jachtmakelaar-300x199.jpg 300w\" data-sizes=\"(max-width: 480px) 100vw, 480px\"  aria-label=\"Bild jachtmakelaar\"  id='av-masonry-1-item-723' data-av-masonry-item='723' class='av-masonry-entry isotope-item post-723 attachment type-attachment status-inherit hentry  av-masonry-item-with-image' title=\"jachtmakelaar\" alt=\"\"    itemprop=\"thumbnailUrl\" ><div class='av-inner-masonry-sizer'><\/div><figure class='av-inner-masonry main_color'><div class=\"av-masonry-outerimage-container\"><div class='av-masonry-image-container' style=\"background-image: url(https:\/\/www.marinaschokkerstrand.nl\/wp-content\/uploads\/2022\/08\/jachtmakelaar.jpg);\"  title=\"jachtmakelaar\" ><\/div><\/div><\/figure><\/a><!--end av-masonry entry--><a href=\"https:\/\/www.marinaschokkerstrand.nl\/wp-content\/uploads\/2022\/08\/stalling.jpg\" data-srcset=\"https:\/\/www.marinaschokkerstrand.nl\/wp-content\/uploads\/2022\/08\/stalling.jpg 480w, https:\/\/www.marinaschokkerstrand.nl\/wp-content\/uploads\/2022\/08\/stalling-300x199.jpg 300w\" data-sizes=\"(max-width: 480px) 100vw, 480px\"  aria-label=\"Bild stalling\"  id='av-masonry-1-item-722' data-av-masonry-item='722' class='av-masonry-entry isotope-item post-722 attachment type-attachment status-inherit hentry  av-masonry-item-with-image' title=\"stalling\" alt=\"\"    itemprop=\"thumbnailUrl\" ><div class='av-inner-masonry-sizer'><\/div><figure class='av-inner-masonry main_color'><div class=\"av-masonry-outerimage-container\"><div class='av-masonry-image-container' style=\"background-image: url(https:\/\/www.marinaschokkerstrand.nl\/wp-content\/uploads\/2022\/08\/stalling.jpg);\"  title=\"stalling\" ><\/div><\/div><\/figure><\/a><!--end av-masonry entry--><a href=\"https:\/\/www.marinaschokkerstrand.nl\/wp-content\/uploads\/2022\/08\/jachtservice.jpg\" data-srcset=\"https:\/\/www.marinaschokkerstrand.nl\/wp-content\/uploads\/2022\/08\/jachtservice.jpg 480w, https:\/\/www.marinaschokkerstrand.nl\/wp-content\/uploads\/2022\/08\/jachtservice-300x199.jpg 300w\" data-sizes=\"(max-width: 480px) 100vw, 480px\"  aria-label=\"Bild jachtservice\"  id='av-masonry-1-item-721' data-av-masonry-item='721' class='av-masonry-entry isotope-item post-721 attachment type-attachment status-inherit hentry  av-masonry-item-with-image' title=\"jachtservice\" alt=\"\"    itemprop=\"thumbnailUrl\" ><div class='av-inner-masonry-sizer'><\/div><figure class='av-inner-masonry main_color'><div class=\"av-masonry-outerimage-container\"><div class='av-masonry-image-container' style=\"background-image: url(https:\/\/www.marinaschokkerstrand.nl\/wp-content\/uploads\/2022\/08\/jachtservice.jpg);\"  title=\"jachtservice\" ><\/div><\/div><\/figure><\/a><!--end av-masonry entry--><a href=\"https:\/\/www.marinaschokkerstrand.nl\/wp-content\/uploads\/2022\/08\/veiligheid.jpg\" data-srcset=\"https:\/\/www.marinaschokkerstrand.nl\/wp-content\/uploads\/2022\/08\/veiligheid.jpg 480w, https:\/\/www.marinaschokkerstrand.nl\/wp-content\/uploads\/2022\/08\/veiligheid-300x199.jpg 300w\" data-sizes=\"(max-width: 480px) 100vw, 480px\"  aria-label=\"Bild veiligheid\"  id='av-masonry-1-item-709' data-av-masonry-item='709' class='av-masonry-entry isotope-item post-709 attachment type-attachment status-inherit hentry  av-masonry-item-with-image' title=\"veiligheid\" alt=\"\"    itemprop=\"thumbnailUrl\" ><div class='av-inner-masonry-sizer'><\/div><figure class='av-inner-masonry main_color'><div class=\"av-masonry-outerimage-container\"><div class='av-masonry-image-container' style=\"background-image: url(https:\/\/www.marinaschokkerstrand.nl\/wp-content\/uploads\/2022\/08\/veiligheid.jpg);\"  title=\"veiligheid\" ><\/div><\/div><\/figure><\/a><!--end av-masonry entry--><a href=\"https:\/\/www.marinaschokkerstrand.nl\/wp-content\/uploads\/2022\/08\/ligplaats-kopen.jpg\" data-srcset=\"https:\/\/www.marinaschokkerstrand.nl\/wp-content\/uploads\/2022\/08\/ligplaats-kopen.jpg 480w, https:\/\/www.marinaschokkerstrand.nl\/wp-content\/uploads\/2022\/08\/ligplaats-kopen-300x199.jpg 300w\" data-sizes=\"(max-width: 480px) 100vw, 480px\"  aria-label=\"Bild ligplaats kopen\"  id='av-masonry-1-item-690' data-av-masonry-item='690' class='av-masonry-entry isotope-item post-690 attachment type-attachment status-inherit hentry  av-masonry-item-with-image' title=\"ligplaats kopen\" alt=\"\"    itemprop=\"thumbnailUrl\" ><div class='av-inner-masonry-sizer'><\/div><figure class='av-inner-masonry main_color'><div class=\"av-masonry-outerimage-container\"><div class='av-masonry-image-container' style=\"background-image: url(https:\/\/www.marinaschokkerstrand.nl\/wp-content\/uploads\/2022\/08\/ligplaats-kopen.jpg);\"  title=\"ligplaats kopen\" ><\/div><\/div><\/figure><\/a><!--end av-masonry entry--><\/div><\/div>\n<\/p>\n","protected":false},"excerpt":{"rendered":"","protected":false},"author":2,"featured_media":0,"parent":737,"menu_order":0,"comment_status":"closed","ping_status":"closed","template":"","meta":{"footnotes":""},"class_list":["post-762","page","type-page","status-publish","hentry"],"yoast_head":"<!-- This site is optimized with the Yoast SEO plugin v27.3 - https:\/\/yoast.com\/product\/yoast-seo-wordpress\/ -->\n<title>Wassersportverein - Marina Schokkerstrand<\/title>\n<meta name=\"robots\" content=\"index, follow, max-snippet:-1, max-image-preview:large, max-video-preview:-1\" \/>\n<link rel=\"canonical\" href=\"https:\/\/www.marinaschokkerstrand.nl\/de\/de-jachthaven\/wassersportverein\/\" \/>\n<meta property=\"og:locale\" content=\"de_DE\" \/>\n<meta property=\"og:type\" content=\"article\" \/>\n<meta property=\"og:title\" content=\"Wassersportverein - Marina Schokkerstrand\" \/>\n<meta property=\"og:url\" content=\"https:\/\/www.marinaschokkerstrand.nl\/de\/de-jachthaven\/wassersportverein\/\" \/>\n<meta property=\"og:site_name\" content=\"Marina Schokkerstrand\" \/>\n<meta property=\"article:publisher\" content=\"https:\/\/www.facebook.com\/MarinaSchokkerstrand\/\" \/>\n<meta property=\"article:modified_time\" content=\"2023-03-13T08:39:27+00:00\" \/>\n<meta name=\"twitter:card\" content=\"summary_large_image\" \/>\n<meta name=\"twitter:label1\" content=\"Gesch\u00e4tzte Lesezeit\" \/>\n\t<meta name=\"twitter:data1\" content=\"6\u00a0Minuten\" \/>\n<script type=\"application\/ld+json\" class=\"yoast-schema-graph\">{\"@context\":\"https:\\\/\\\/schema.org\",\"@graph\":[{\"@type\":\"WebPage\",\"@id\":\"https:\\\/\\\/www.marinaschokkerstrand.nl\\\/de\\\/de-jachthaven\\\/wassersportverein\\\/\",\"url\":\"https:\\\/\\\/www.marinaschokkerstrand.nl\\\/de\\\/de-jachthaven\\\/wassersportverein\\\/\",\"name\":\"Wassersportverein - Marina Schokkerstrand\",\"isPartOf\":{\"@id\":\"https:\\\/\\\/www.marinaschokkerstrand.nl\\\/de\\\/#website\"},\"datePublished\":\"2022-08-10T07:15:22+00:00\",\"dateModified\":\"2023-03-13T08:39:27+00:00\",\"breadcrumb\":{\"@id\":\"https:\\\/\\\/www.marinaschokkerstrand.nl\\\/de\\\/de-jachthaven\\\/wassersportverein\\\/#breadcrumb\"},\"inLanguage\":\"de\",\"potentialAction\":[{\"@type\":\"ReadAction\",\"target\":[\"https:\\\/\\\/www.marinaschokkerstrand.nl\\\/de\\\/de-jachthaven\\\/wassersportverein\\\/\"]}]},{\"@type\":\"BreadcrumbList\",\"@id\":\"https:\\\/\\\/www.marinaschokkerstrand.nl\\\/de\\\/de-jachthaven\\\/wassersportverein\\\/#breadcrumb\",\"itemListElement\":[{\"@type\":\"ListItem\",\"position\":1,\"name\":\"Home\",\"item\":\"https:\\\/\\\/www.marinaschokkerstrand.nl\\\/de\\\/de-jachthaven\\\/\"},{\"@type\":\"ListItem\",\"position\":2,\"name\":\"Der Yachthafen\",\"item\":\"https:\\\/\\\/www.marinaschokkerstrand.nl\\\/de\\\/de-jachthaven\\\/\"},{\"@type\":\"ListItem\",\"position\":3,\"name\":\"Wassersportverein\"}]},{\"@type\":\"WebSite\",\"@id\":\"https:\\\/\\\/www.marinaschokkerstrand.nl\\\/de\\\/#website\",\"url\":\"https:\\\/\\\/www.marinaschokkerstrand.nl\\\/de\\\/\",\"name\":\"Marina Schokkerstrand\",\"description\":\"\",\"publisher\":{\"@id\":\"https:\\\/\\\/www.marinaschokkerstrand.nl\\\/de\\\/#organization\"},\"potentialAction\":[{\"@type\":\"SearchAction\",\"target\":{\"@type\":\"EntryPoint\",\"urlTemplate\":\"https:\\\/\\\/www.marinaschokkerstrand.nl\\\/de\\\/?s={search_term_string}\"},\"query-input\":{\"@type\":\"PropertyValueSpecification\",\"valueRequired\":true,\"valueName\":\"search_term_string\"}}],\"inLanguage\":\"de\"},{\"@type\":\"Organization\",\"@id\":\"https:\\\/\\\/www.marinaschokkerstrand.nl\\\/de\\\/#organization\",\"name\":\"Marina Schokkerstrand\",\"url\":\"https:\\\/\\\/www.marinaschokkerstrand.nl\\\/de\\\/\",\"logo\":{\"@type\":\"ImageObject\",\"inLanguage\":\"de\",\"@id\":\"https:\\\/\\\/www.marinaschokkerstrand.nl\\\/de\\\/#\\\/schema\\\/logo\\\/image\\\/\",\"url\":\"https:\\\/\\\/www.marinaschokkerstrand.nl\\\/wp-content\\\/uploads\\\/2022\\\/09\\\/LOGO-MARINA-SCHOKKERSTRAND-KLEIN.jpg\",\"contentUrl\":\"https:\\\/\\\/www.marinaschokkerstrand.nl\\\/wp-content\\\/uploads\\\/2022\\\/09\\\/LOGO-MARINA-SCHOKKERSTRAND-KLEIN.jpg\",\"width\":2055,\"height\":552,\"caption\":\"Marina Schokkerstrand\"},\"image\":{\"@id\":\"https:\\\/\\\/www.marinaschokkerstrand.nl\\\/de\\\/#\\\/schema\\\/logo\\\/image\\\/\"},\"sameAs\":[\"https:\\\/\\\/www.facebook.com\\\/MarinaSchokkerstrand\\\/\",\"https:\\\/\\\/www.instagram.com\\\/marina_schokkerstrand\\\/\"]}]}<\/script>\n<!-- \/ Yoast SEO plugin. -->","yoast_head_json":{"title":"Wassersportverein - Marina Schokkerstrand","robots":{"index":"index","follow":"follow","max-snippet":"max-snippet:-1","max-image-preview":"max-image-preview:large","max-video-preview":"max-video-preview:-1"},"canonical":"https:\/\/www.marinaschokkerstrand.nl\/de\/de-jachthaven\/wassersportverein\/","og_locale":"de_DE","og_type":"article","og_title":"Wassersportverein - Marina Schokkerstrand","og_url":"https:\/\/www.marinaschokkerstrand.nl\/de\/de-jachthaven\/wassersportverein\/","og_site_name":"Marina Schokkerstrand","article_publisher":"https:\/\/www.facebook.com\/MarinaSchokkerstrand\/","article_modified_time":"2023-03-13T08:39:27+00:00","twitter_card":"summary_large_image","twitter_misc":{"Gesch\u00e4tzte Lesezeit":"6\u00a0Minuten"},"schema":{"@context":"https:\/\/schema.org","@graph":[{"@type":"WebPage","@id":"https:\/\/www.marinaschokkerstrand.nl\/de\/de-jachthaven\/wassersportverein\/","url":"https:\/\/www.marinaschokkerstrand.nl\/de\/de-jachthaven\/wassersportverein\/","name":"Wassersportverein - Marina Schokkerstrand","isPartOf":{"@id":"https:\/\/www.marinaschokkerstrand.nl\/de\/#website"},"datePublished":"2022-08-10T07:15:22+00:00","dateModified":"2023-03-13T08:39:27+00:00","breadcrumb":{"@id":"https:\/\/www.marinaschokkerstrand.nl\/de\/de-jachthaven\/wassersportverein\/#breadcrumb"},"inLanguage":"de","potentialAction":[{"@type":"ReadAction","target":["https:\/\/www.marinaschokkerstrand.nl\/de\/de-jachthaven\/wassersportverein\/"]}]},{"@type":"BreadcrumbList","@id":"https:\/\/www.marinaschokkerstrand.nl\/de\/de-jachthaven\/wassersportverein\/#breadcrumb","itemListElement":[{"@type":"ListItem","position":1,"name":"Home","item":"https:\/\/www.marinaschokkerstrand.nl\/de\/de-jachthaven\/"},{"@type":"ListItem","position":2,"name":"Der Yachthafen","item":"https:\/\/www.marinaschokkerstrand.nl\/de\/de-jachthaven\/"},{"@type":"ListItem","position":3,"name":"Wassersportverein"}]},{"@type":"WebSite","@id":"https:\/\/www.marinaschokkerstrand.nl\/de\/#website","url":"https:\/\/www.marinaschokkerstrand.nl\/de\/","name":"Marina Schokkerstrand","description":"","publisher":{"@id":"https:\/\/www.marinaschokkerstrand.nl\/de\/#organization"},"potentialAction":[{"@type":"SearchAction","target":{"@type":"EntryPoint","urlTemplate":"https:\/\/www.marinaschokkerstrand.nl\/de\/?s={search_term_string}"},"query-input":{"@type":"PropertyValueSpecification","valueRequired":true,"valueName":"search_term_string"}}],"inLanguage":"de"},{"@type":"Organization","@id":"https:\/\/www.marinaschokkerstrand.nl\/de\/#organization","name":"Marina Schokkerstrand","url":"https:\/\/www.marinaschokkerstrand.nl\/de\/","logo":{"@type":"ImageObject","inLanguage":"de","@id":"https:\/\/www.marinaschokkerstrand.nl\/de\/#\/schema\/logo\/image\/","url":"https:\/\/www.marinaschokkerstrand.nl\/wp-content\/uploads\/2022\/09\/LOGO-MARINA-SCHOKKERSTRAND-KLEIN.jpg","contentUrl":"https:\/\/www.marinaschokkerstrand.nl\/wp-content\/uploads\/2022\/09\/LOGO-MARINA-SCHOKKERSTRAND-KLEIN.jpg","width":2055,"height":552,"caption":"Marina Schokkerstrand"},"image":{"@id":"https:\/\/www.marinaschokkerstrand.nl\/de\/#\/schema\/logo\/image\/"},"sameAs":["https:\/\/www.facebook.com\/MarinaSchokkerstrand\/","https:\/\/www.instagram.com\/marina_schokkerstrand\/"]}]}},"_links":{"self":[{"href":"https:\/\/www.marinaschokkerstrand.nl\/de\/wp-json\/wp\/v2\/pages\/762","targetHints":{"allow":["GET"]}}],"collection":[{"href":"https:\/\/www.marinaschokkerstrand.nl\/de\/wp-json\/wp\/v2\/pages"}],"about":[{"href":"https:\/\/www.marinaschokkerstrand.nl\/de\/wp-json\/wp\/v2\/types\/page"}],"author":[{"embeddable":true,"href":"https:\/\/www.marinaschokkerstrand.nl\/de\/wp-json\/wp\/v2\/users\/2"}],"replies":[{"embeddable":true,"href":"https:\/\/www.marinaschokkerstrand.nl\/de\/wp-json\/wp\/v2\/comments?post=762"}],"version-history":[{"count":3,"href":"https:\/\/www.marinaschokkerstrand.nl\/de\/wp-json\/wp\/v2\/pages\/762\/revisions"}],"predecessor-version":[{"id":813,"href":"https:\/\/www.marinaschokkerstrand.nl\/de\/wp-json\/wp\/v2\/pages\/762\/revisions\/813"}],"up":[{"embeddable":true,"href":"https:\/\/www.marinaschokkerstrand.nl\/de\/wp-json\/wp\/v2\/pages\/737"}],"wp:attachment":[{"href":"https:\/\/www.marinaschokkerstrand.nl\/de\/wp-json\/wp\/v2\/media?parent=762"}],"curies":[{"name":"wp","href":"https:\/\/api.w.org\/{rel}","templated":true}]}}