{"id":760,"date":"2022-08-10T07:14:55","date_gmt":"2022-08-10T07:14:55","guid":{"rendered":"https:\/\/www.marinaschokkerstrand.nl\/de-jachthaven\/einrichtungen\/"},"modified":"2023-03-13T08:38:19","modified_gmt":"2023-03-13T08:38:19","slug":"einrichtungen","status":"publish","type":"page","link":"https:\/\/www.marinaschokkerstrand.nl\/de\/de-jachthaven\/einrichtungen\/","title":{"rendered":"Einrichtungen"},"content":{"rendered":"\n<style type=\"text\/css\" data-created_by=\"avia_inline_auto\" id=\"style-css-av-wjw3-dc68bcc5426d00bedab54e44a09833d6\">\n.avia-section.av-wjw3-dc68bcc5426d00bedab54e44a09833d6{\nbackground-repeat:no-repeat;\nbackground-image:url(https:\/\/www.marinaschokkerstrand.nl\/wp-content\/uploads\/2022\/08\/pixie_1660053877186.png);\nbackground-position:50% 100%;\nbackground-attachment:scroll;\n}\n<\/style>\n<div id='av_section_1'  class='avia-section av-wjw3-dc68bcc5426d00bedab54e44a09833d6 main_color avia-section-default avia-no-border-styling  avia-builder-el-0  el_before_av_one_third  avia-builder-el-first  avia-full-stretch avia-bg-style-scroll av-minimum-height av-minimum-height-12 av-height-percent  container_wrap fullsize'  data-section-bg-repeat='stretch' data-av_minimum_height_pc='12' data-av_min_height_opt='percent'><div class='container av-section-cont-open' ><main  role=\"main\" itemprop=\"mainContentOfPage\"  class='template-page content  av-content-full alpha units'><div class='post-entry post-entry-type-page post-entry-760'><div class='entry-content-wrapper clearfix'><\/div><\/div><\/main><!-- close content main element --><\/div><\/div><div id='after_section_1'  class='main_color av_default_container_wrap container_wrap fullsize'  ><div class='container av-section-cont-open' ><div class='template-page content  av-content-full alpha units'><div class='post-entry post-entry-type-page post-entry-760'><div class='entry-content-wrapper clearfix'>\n<div  class='flex_column av-3e8ab-da4e20a193ec93bab59175bd12edcab1 av_one_third  avia-builder-el-1  el_after_av_section  el_before_av_one_third  avia-builder-el-first  first flex_column_div  '     ><p>\n<style type=\"text\/css\" data-created_by=\"avia_inline_auto\" id=\"style-css-av-l6nlwerh-987eaea8d7f82ca27caec33266de675f\">\n.avia-image-container.av-l6nlwerh-987eaea8d7f82ca27caec33266de675f img.avia_image{\nbox-shadow:none;\n}\n.avia-image-container.av-l6nlwerh-987eaea8d7f82ca27caec33266de675f .av-image-caption-overlay-center{\ncolor:#ffffff;\n}\n<\/style>\n<div  class='avia-image-container av-l6nlwerh-987eaea8d7f82ca27caec33266de675f av-styling- avia-align-center  avia-builder-el-2  el_before_av_textblock  avia-builder-el-first '   itemprop=\"image\" itemscope=\"itemscope\" itemtype=\"https:\/\/schema.org\/ImageObject\" ><div class=\"avia-image-container-inner\"><div class=\"avia-image-overlay-wrap\"><img decoding=\"async\" fetchpriority=\"high\" class='wp-image-708 avia-img-lazy-loading-not-708 avia_image ' src=\"https:\/\/www.marinaschokkerstrand.nl\/wp-content\/uploads\/2022\/08\/voorzieningen2.jpg\" alt='' title='voorzieningen2'  height=\"319\" width=\"480\"  itemprop=\"thumbnailUrl\" srcset=\"https:\/\/www.marinaschokkerstrand.nl\/wp-content\/uploads\/2022\/08\/voorzieningen2.jpg 480w, https:\/\/www.marinaschokkerstrand.nl\/wp-content\/uploads\/2022\/08\/voorzieningen2-300x199.jpg 300w\" sizes=\"(max-width: 480px) 100vw, 480px\" \/><\/div><\/div><\/div><br \/>\n<section  class='av_textblock_section av-l6nm0nd1-19e9b6daf93901d83488f460aa044409 '   itemscope=\"itemscope\" itemtype=\"https:\/\/schema.org\/CreativeWork\" ><div class='avia_textblock tekst-blok-voorzieningen'  itemprop=\"text\" ><h3>Einrichtungen<\/h3>\n<ul>\n<li>250 Liegepl\u00e4tze mit einer Gr\u00f6\u00dfe von 10 bis 30 m<\/li>\n<li>Schwimmstege mit Hartholzdeck<\/li>\n<li>Liegeplatz mit Stromanschluss 16 Ah<\/li>\n<li>Wasserzapfstellen auf dem Steg<\/li>\n<li>20-Tonnen-Bootskran<\/li>\n<li>Winterlagerung (auch \u00fcberdacht) bei JSS Jachtservice Schokkerhaven<\/li>\n<li>Waschmaschinen und Trockner<\/li>\n<li>Kostenloses WLAN<\/li>\n<\/ul>\n<\/div><\/section><\/p><\/div><div  class='flex_column av-2ohl7-b1492d11f483e7a8bcb2ba193a2ad405 av_one_third  avia-builder-el-4  el_after_av_one_third  el_before_av_one_third  flex_column_div  '     ><p>\n<style type=\"text\/css\" data-created_by=\"avia_inline_auto\" id=\"style-css-av-l6nlwu8t-012852d1778ce8193d54f78175c8d151\">\n.avia-image-container.av-l6nlwu8t-012852d1778ce8193d54f78175c8d151 img.avia_image{\nbox-shadow:none;\n}\n.avia-image-container.av-l6nlwu8t-012852d1778ce8193d54f78175c8d151 .av-image-caption-overlay-center{\ncolor:#ffffff;\n}\n<\/style>\n<div  class='avia-image-container av-l6nlwu8t-012852d1778ce8193d54f78175c8d151 av-styling- avia-align-center  avia-builder-el-5  el_before_av_textblock  avia-builder-el-first '   itemprop=\"image\" itemscope=\"itemscope\" itemtype=\"https:\/\/schema.org\/ImageObject\" ><div class=\"avia-image-container-inner\"><div class=\"avia-image-overlay-wrap\"><img decoding=\"async\" fetchpriority=\"high\" class='wp-image-709 avia-img-lazy-loading-not-709 avia_image ' src=\"https:\/\/www.marinaschokkerstrand.nl\/wp-content\/uploads\/2022\/08\/veiligheid.jpg\" alt='' title='veiligheid'  height=\"319\" width=\"480\"  itemprop=\"thumbnailUrl\" srcset=\"https:\/\/www.marinaschokkerstrand.nl\/wp-content\/uploads\/2022\/08\/veiligheid.jpg 480w, https:\/\/www.marinaschokkerstrand.nl\/wp-content\/uploads\/2022\/08\/veiligheid-300x199.jpg 300w\" sizes=\"(max-width: 480px) 100vw, 480px\" \/><\/div><\/div><\/div><br \/>\n<section  class='av_textblock_section av-l6nm0rtl-8d2e15097859ff8a074c237e327bc8e6 '   itemscope=\"itemscope\" itemtype=\"https:\/\/schema.org\/CreativeWork\" ><div class='avia_textblock tekst-blok-voorzieningen'  itemprop=\"text\" ><h3>Sicherheit und Komfort<\/h3>\n<ul>\n<li>2,5 m breite Stege<\/li>\n<li>Einsteigestege bei jedem Liegeplatz<\/li>\n<li>Toiletten, Wasch- und Duschr\u00e4ume<\/li>\n<li>Ausreichend Parkpl\u00e4tze auf einem geschlossenen Gel\u00e4nde<\/li>\n<li>Gep\u00e4ckwagen<\/li>\n<li>Leihfahrr\u00e4der f\u00fcr Eink\u00e4ufe in Nagele<\/li>\n<li>Restaurant\/Yachtclub mit Blick auf den Yachthafen, den Strand und das Ketelmeer<\/li>\n<\/ul>\n<\/div><\/section><\/p><\/div><div  class='flex_column av-1k26r-52d7de09d7c53f1d4ba0024a74982fc4 av_one_third  avia-builder-el-7  el_after_av_one_third  avia-builder-el-last  flex_column_div  '     ><p>\n<style type=\"text\/css\" data-created_by=\"avia_inline_auto\" id=\"style-css-av-l6nlx47h-407f4b968edd6080dee65a93e1d96fb3\">\n.avia-image-container.av-l6nlx47h-407f4b968edd6080dee65a93e1d96fb3 img.avia_image{\nbox-shadow:none;\n}\n.avia-image-container.av-l6nlx47h-407f4b968edd6080dee65a93e1d96fb3 .av-image-caption-overlay-center{\ncolor:#ffffff;\n}\n<\/style>\n<div  class='avia-image-container av-l6nlx47h-407f4b968edd6080dee65a93e1d96fb3 av-styling- avia-align-center  avia-builder-el-8  el_before_av_textblock  avia-builder-el-first '   itemprop=\"image\" itemscope=\"itemscope\" itemtype=\"https:\/\/schema.org\/ImageObject\" ><div class=\"avia-image-container-inner\"><div class=\"avia-image-overlay-wrap\"><img decoding=\"async\" fetchpriority=\"high\" class='wp-image-710 avia-img-lazy-loading-not-710 avia_image ' src=\"https:\/\/www.marinaschokkerstrand.nl\/wp-content\/uploads\/2022\/08\/omgeving.jpg\" alt='' title='omgeving'  height=\"319\" width=\"480\"  itemprop=\"thumbnailUrl\" srcset=\"https:\/\/www.marinaschokkerstrand.nl\/wp-content\/uploads\/2022\/08\/omgeving.jpg 480w, https:\/\/www.marinaschokkerstrand.nl\/wp-content\/uploads\/2022\/08\/omgeving-300x199.jpg 300w\" sizes=\"(max-width: 480px) 100vw, 480px\" \/><\/div><\/div><\/div><br \/>\n<section  class='av_textblock_section av-l6nm0ym9-31b8822af95fbfb8f1c5879925ca61b9 '   itemscope=\"itemscope\" itemtype=\"https:\/\/schema.org\/CreativeWork\" ><div class='avia_textblock tekst-blok-voorzieningen'  itemprop=\"text\" ><h3>Direkte Umgebung<\/h3>\n<ul>\n<li>Gro\u00dfer Sandstrand am Ketelmeer<\/li>\n<li><a href=\"https:\/\/www.pier16.nl\/nieuws\/piers-kajakverhuur\" target=\"_blank\" rel=\"noopener\">Kanuverleih<\/a><\/li>\n<li><a href=\"https:\/\/schokland.nl\/\" target=\"_blank\" rel=\"noopener\">Schokland<\/a><\/li>\n<li><a href=\"http:\/\/www.museumnagele.nl\/\" target=\"_blank\" rel=\"noopener\">Museum Nagele<\/a><\/li>\n<\/ul>\n<\/div><\/section><\/p><\/div><\/p>\n","protected":false},"excerpt":{"rendered":"","protected":false},"author":2,"featured_media":0,"parent":737,"menu_order":0,"comment_status":"closed","ping_status":"closed","template":"","meta":{"footnotes":""},"class_list":["post-760","page","type-page","status-publish","hentry"],"yoast_head":"<!-- This site is optimized with the Yoast SEO plugin v27.3 - https:\/\/yoast.com\/product\/yoast-seo-wordpress\/ -->\n<title>Einrichtungen - Marina Schokkerstrand<\/title>\n<meta name=\"robots\" content=\"index, follow, max-snippet:-1, max-image-preview:large, max-video-preview:-1\" \/>\n<link rel=\"canonical\" href=\"https:\/\/www.marinaschokkerstrand.nl\/de\/de-jachthaven\/einrichtungen\/\" \/>\n<meta property=\"og:locale\" content=\"de_DE\" \/>\n<meta property=\"og:type\" content=\"article\" \/>\n<meta property=\"og:title\" content=\"Einrichtungen - Marina Schokkerstrand\" \/>\n<meta property=\"og:url\" content=\"https:\/\/www.marinaschokkerstrand.nl\/de\/de-jachthaven\/einrichtungen\/\" \/>\n<meta property=\"og:site_name\" content=\"Marina Schokkerstrand\" \/>\n<meta property=\"article:publisher\" content=\"https:\/\/www.facebook.com\/MarinaSchokkerstrand\/\" \/>\n<meta property=\"article:modified_time\" content=\"2023-03-13T08:38:19+00:00\" \/>\n<meta name=\"twitter:card\" content=\"summary_large_image\" \/>\n<meta name=\"twitter:label1\" content=\"Gesch\u00e4tzte Lesezeit\" \/>\n\t<meta name=\"twitter:data1\" content=\"14\u00a0Minuten\" \/>\n<script type=\"application\/ld+json\" class=\"yoast-schema-graph\">{\"@context\":\"https:\\\/\\\/schema.org\",\"@graph\":[{\"@type\":\"WebPage\",\"@id\":\"https:\\\/\\\/www.marinaschokkerstrand.nl\\\/de\\\/de-jachthaven\\\/einrichtungen\\\/\",\"url\":\"https:\\\/\\\/www.marinaschokkerstrand.nl\\\/de\\\/de-jachthaven\\\/einrichtungen\\\/\",\"name\":\"Einrichtungen - Marina Schokkerstrand\",\"isPartOf\":{\"@id\":\"https:\\\/\\\/www.marinaschokkerstrand.nl\\\/de\\\/#website\"},\"datePublished\":\"2022-08-10T07:14:55+00:00\",\"dateModified\":\"2023-03-13T08:38:19+00:00\",\"breadcrumb\":{\"@id\":\"https:\\\/\\\/www.marinaschokkerstrand.nl\\\/de\\\/de-jachthaven\\\/einrichtungen\\\/#breadcrumb\"},\"inLanguage\":\"de\",\"potentialAction\":[{\"@type\":\"ReadAction\",\"target\":[\"https:\\\/\\\/www.marinaschokkerstrand.nl\\\/de\\\/de-jachthaven\\\/einrichtungen\\\/\"]}]},{\"@type\":\"BreadcrumbList\",\"@id\":\"https:\\\/\\\/www.marinaschokkerstrand.nl\\\/de\\\/de-jachthaven\\\/einrichtungen\\\/#breadcrumb\",\"itemListElement\":[{\"@type\":\"ListItem\",\"position\":1,\"name\":\"Home\",\"item\":\"https:\\\/\\\/www.marinaschokkerstrand.nl\\\/de\\\/de-jachthaven\\\/\"},{\"@type\":\"ListItem\",\"position\":2,\"name\":\"Der Yachthafen\",\"item\":\"https:\\\/\\\/www.marinaschokkerstrand.nl\\\/de\\\/de-jachthaven\\\/\"},{\"@type\":\"ListItem\",\"position\":3,\"name\":\"Einrichtungen\"}]},{\"@type\":\"WebSite\",\"@id\":\"https:\\\/\\\/www.marinaschokkerstrand.nl\\\/de\\\/#website\",\"url\":\"https:\\\/\\\/www.marinaschokkerstrand.nl\\\/de\\\/\",\"name\":\"Marina Schokkerstrand\",\"description\":\"\",\"publisher\":{\"@id\":\"https:\\\/\\\/www.marinaschokkerstrand.nl\\\/de\\\/#organization\"},\"potentialAction\":[{\"@type\":\"SearchAction\",\"target\":{\"@type\":\"EntryPoint\",\"urlTemplate\":\"https:\\\/\\\/www.marinaschokkerstrand.nl\\\/de\\\/?s={search_term_string}\"},\"query-input\":{\"@type\":\"PropertyValueSpecification\",\"valueRequired\":true,\"valueName\":\"search_term_string\"}}],\"inLanguage\":\"de\"},{\"@type\":\"Organization\",\"@id\":\"https:\\\/\\\/www.marinaschokkerstrand.nl\\\/de\\\/#organization\",\"name\":\"Marina Schokkerstrand\",\"url\":\"https:\\\/\\\/www.marinaschokkerstrand.nl\\\/de\\\/\",\"logo\":{\"@type\":\"ImageObject\",\"inLanguage\":\"de\",\"@id\":\"https:\\\/\\\/www.marinaschokkerstrand.nl\\\/de\\\/#\\\/schema\\\/logo\\\/image\\\/\",\"url\":\"https:\\\/\\\/www.marinaschokkerstrand.nl\\\/wp-content\\\/uploads\\\/2022\\\/09\\\/LOGO-MARINA-SCHOKKERSTRAND-KLEIN.jpg\",\"contentUrl\":\"https:\\\/\\\/www.marinaschokkerstrand.nl\\\/wp-content\\\/uploads\\\/2022\\\/09\\\/LOGO-MARINA-SCHOKKERSTRAND-KLEIN.jpg\",\"width\":2055,\"height\":552,\"caption\":\"Marina Schokkerstrand\"},\"image\":{\"@id\":\"https:\\\/\\\/www.marinaschokkerstrand.nl\\\/de\\\/#\\\/schema\\\/logo\\\/image\\\/\"},\"sameAs\":[\"https:\\\/\\\/www.facebook.com\\\/MarinaSchokkerstrand\\\/\",\"https:\\\/\\\/www.instagram.com\\\/marina_schokkerstrand\\\/\"]}]}<\/script>\n<!-- \/ Yoast SEO plugin. -->","yoast_head_json":{"title":"Einrichtungen - Marina Schokkerstrand","robots":{"index":"index","follow":"follow","max-snippet":"max-snippet:-1","max-image-preview":"max-image-preview:large","max-video-preview":"max-video-preview:-1"},"canonical":"https:\/\/www.marinaschokkerstrand.nl\/de\/de-jachthaven\/einrichtungen\/","og_locale":"de_DE","og_type":"article","og_title":"Einrichtungen - Marina Schokkerstrand","og_url":"https:\/\/www.marinaschokkerstrand.nl\/de\/de-jachthaven\/einrichtungen\/","og_site_name":"Marina Schokkerstrand","article_publisher":"https:\/\/www.facebook.com\/MarinaSchokkerstrand\/","article_modified_time":"2023-03-13T08:38:19+00:00","twitter_card":"summary_large_image","twitter_misc":{"Gesch\u00e4tzte Lesezeit":"14\u00a0Minuten"},"schema":{"@context":"https:\/\/schema.org","@graph":[{"@type":"WebPage","@id":"https:\/\/www.marinaschokkerstrand.nl\/de\/de-jachthaven\/einrichtungen\/","url":"https:\/\/www.marinaschokkerstrand.nl\/de\/de-jachthaven\/einrichtungen\/","name":"Einrichtungen - Marina Schokkerstrand","isPartOf":{"@id":"https:\/\/www.marinaschokkerstrand.nl\/de\/#website"},"datePublished":"2022-08-10T07:14:55+00:00","dateModified":"2023-03-13T08:38:19+00:00","breadcrumb":{"@id":"https:\/\/www.marinaschokkerstrand.nl\/de\/de-jachthaven\/einrichtungen\/#breadcrumb"},"inLanguage":"de","potentialAction":[{"@type":"ReadAction","target":["https:\/\/www.marinaschokkerstrand.nl\/de\/de-jachthaven\/einrichtungen\/"]}]},{"@type":"BreadcrumbList","@id":"https:\/\/www.marinaschokkerstrand.nl\/de\/de-jachthaven\/einrichtungen\/#breadcrumb","itemListElement":[{"@type":"ListItem","position":1,"name":"Home","item":"https:\/\/www.marinaschokkerstrand.nl\/de\/de-jachthaven\/"},{"@type":"ListItem","position":2,"name":"Der Yachthafen","item":"https:\/\/www.marinaschokkerstrand.nl\/de\/de-jachthaven\/"},{"@type":"ListItem","position":3,"name":"Einrichtungen"}]},{"@type":"WebSite","@id":"https:\/\/www.marinaschokkerstrand.nl\/de\/#website","url":"https:\/\/www.marinaschokkerstrand.nl\/de\/","name":"Marina Schokkerstrand","description":"","publisher":{"@id":"https:\/\/www.marinaschokkerstrand.nl\/de\/#organization"},"potentialAction":[{"@type":"SearchAction","target":{"@type":"EntryPoint","urlTemplate":"https:\/\/www.marinaschokkerstrand.nl\/de\/?s={search_term_string}"},"query-input":{"@type":"PropertyValueSpecification","valueRequired":true,"valueName":"search_term_string"}}],"inLanguage":"de"},{"@type":"Organization","@id":"https:\/\/www.marinaschokkerstrand.nl\/de\/#organization","name":"Marina Schokkerstrand","url":"https:\/\/www.marinaschokkerstrand.nl\/de\/","logo":{"@type":"ImageObject","inLanguage":"de","@id":"https:\/\/www.marinaschokkerstrand.nl\/de\/#\/schema\/logo\/image\/","url":"https:\/\/www.marinaschokkerstrand.nl\/wp-content\/uploads\/2022\/09\/LOGO-MARINA-SCHOKKERSTRAND-KLEIN.jpg","contentUrl":"https:\/\/www.marinaschokkerstrand.nl\/wp-content\/uploads\/2022\/09\/LOGO-MARINA-SCHOKKERSTRAND-KLEIN.jpg","width":2055,"height":552,"caption":"Marina Schokkerstrand"},"image":{"@id":"https:\/\/www.marinaschokkerstrand.nl\/de\/#\/schema\/logo\/image\/"},"sameAs":["https:\/\/www.facebook.com\/MarinaSchokkerstrand\/","https:\/\/www.instagram.com\/marina_schokkerstrand\/"]}]}},"_links":{"self":[{"href":"https:\/\/www.marinaschokkerstrand.nl\/de\/wp-json\/wp\/v2\/pages\/760","targetHints":{"allow":["GET"]}}],"collection":[{"href":"https:\/\/www.marinaschokkerstrand.nl\/de\/wp-json\/wp\/v2\/pages"}],"about":[{"href":"https:\/\/www.marinaschokkerstrand.nl\/de\/wp-json\/wp\/v2\/types\/page"}],"author":[{"embeddable":true,"href":"https:\/\/www.marinaschokkerstrand.nl\/de\/wp-json\/wp\/v2\/users\/2"}],"replies":[{"embeddable":true,"href":"https:\/\/www.marinaschokkerstrand.nl\/de\/wp-json\/wp\/v2\/comments?post=760"}],"version-history":[{"count":5,"href":"https:\/\/www.marinaschokkerstrand.nl\/de\/wp-json\/wp\/v2\/pages\/760\/revisions"}],"predecessor-version":[{"id":811,"href":"https:\/\/www.marinaschokkerstrand.nl\/de\/wp-json\/wp\/v2\/pages\/760\/revisions\/811"}],"up":[{"embeddable":true,"href":"https:\/\/www.marinaschokkerstrand.nl\/de\/wp-json\/wp\/v2\/pages\/737"}],"wp:attachment":[{"href":"https:\/\/www.marinaschokkerstrand.nl\/de\/wp-json\/wp\/v2\/media?parent=760"}],"curies":[{"name":"wp","href":"https:\/\/api.w.org\/{rel}","templated":true}]}}