{"id":755,"date":"2022-08-09T13:15:27","date_gmt":"2022-08-09T13:15:27","guid":{"rendered":"https:\/\/www.marinaschokkerstrand.nl\/de-jachthaven\/preise-jahresmiete\/"},"modified":"2025-02-12T12:37:15","modified_gmt":"2025-02-12T12:37:15","slug":"preise-jahresmiete","status":"publish","type":"page","link":"https:\/\/www.marinaschokkerstrand.nl\/de\/de-jachthaven\/preise-jahresmiete\/","title":{"rendered":"Preise Jahresmiete"},"content":{"rendered":"\n<style type=\"text\/css\" data-created_by=\"avia_inline_auto\" id=\"style-css-av-oe0t-103b790885adfc5ae70e278db2b98de9\">\n.avia-section.av-oe0t-103b790885adfc5ae70e278db2b98de9{\nbackground-repeat:no-repeat;\nbackground-image:url(https:\/\/www.marinaschokkerstrand.nl\/wp-content\/uploads\/2022\/08\/pixie_1660053877186.png);\nbackground-position:50% 100%;\nbackground-attachment:scroll;\n}\n<\/style>\n<div id='av_section_1'  class='avia-section av-oe0t-103b790885adfc5ae70e278db2b98de9 main_color avia-section-default avia-no-border-styling  avia-builder-el-0  el_before_av_one_third  avia-builder-el-first  avia-full-stretch avia-bg-style-scroll av-minimum-height av-minimum-height-12 av-height-percent  container_wrap fullsize'  data-section-bg-repeat='stretch' data-av_minimum_height_pc='12' data-av_min_height_opt='percent'><div class='container av-section-cont-open' ><main  role=\"main\" itemprop=\"mainContentOfPage\"  class='template-page content  av-content-full alpha units'><div class='post-entry post-entry-type-page post-entry-755'><div class='entry-content-wrapper clearfix'><\/div><\/div><\/main><!-- close content main element --><\/div><\/div><div id='after_section_1'  class='main_color av_default_container_wrap container_wrap fullsize'  ><div class='container av-section-cont-open' ><div class='template-page content  av-content-full alpha units'><div class='post-entry post-entry-type-page post-entry-755'><div class='entry-content-wrapper clearfix'>\n\n<style type=\"text\/css\" data-created_by=\"avia_inline_auto\" id=\"style-css-av-l6m7fjos-2a9920a38c6310cef6f00368887772c2\">\n.flex_column.av-l6m7fjos-2a9920a38c6310cef6f00368887772c2{\npadding:25px 0 0 25px;\nbackground-color:#003973;\n}\n<\/style>\n<div  class='flex_column av-l6m7fjos-2a9920a38c6310cef6f00368887772c2 av_one_third  avia-builder-el-1  el_after_av_section  el_before_av_two_third  avia-builder-el-first  first flex_column_div  '     ><style type=\"text\/css\" data-created_by=\"avia_inline_auto\" id=\"style-css-av-l6njxtwv-748d39eca0c8490c3248414e4b5a78a2\">\n#top .av_textblock_section.av-l6njxtwv-748d39eca0c8490c3248414e4b5a78a2 .avia_textblock{\ncolor:#ffffff;\n}\n<\/style>\n<section  class='av_textblock_section av-l6njxtwv-748d39eca0c8490c3248414e4b5a78a2 '   itemscope=\"itemscope\" itemtype=\"https:\/\/schema.org\/CreativeWork\" ><div class='avia_textblock av_inherit_color'  itemprop=\"text\" ><h3 style=\"color: white;\">Jaartarieven<\/h3>\n<\/div><\/section><br \/>\n<div  class='avia-table av-8aawh-4091f107c149e7cb60e788400cf87dd1 main_color avia-pricing-table-container avia_pricing_default  avia-builder-el-3  el_after_av_textblock  el_before_av_textblock  tabel avia-table-1'  itemscope=\"itemscope\" itemtype=\"https:\/\/schema.org\/Table\" ><div class=\"pricing-table-wrap\"><ul class='pricing-table '><li class=''><div class='first-table-item'>10 m \u20ac 2.505<\/div><span class='pricing-extra'><\/span><\/li><li class=''>11 m \u20ac 2.923<\/li><li class=''>12 m \u20ac 3.340<\/li><li class=''>14 m \u20ac 4.175<\/li><\/ul><\/div><div class=\"pricing-table-wrap\"><ul class='pricing-table '><li class=''><div class='first-table-item'>16 m \u20ac 5.010<\/div><span class='pricing-extra'><\/span><\/li><li class=''>18 m \u20ac 5.845<\/li><li class=''>20 m \u20ac 6.680<\/li><li class=' empty-table-cell'><span class='fallback-table-val'>14 m \u20ac 4.175<\/span><\/li><\/ul><\/div><\/div><br \/>\n\n<style type=\"text\/css\" data-created_by=\"avia_inline_auto\" id=\"style-css-av-l6nk2ahq-747d6456b3301c5e8274634657b9ee2e\">\n#top .av_textblock_section.av-l6nk2ahq-747d6456b3301c5e8274634657b9ee2e .avia_textblock{\ncolor:#ffffff;\n}\n<\/style>\n<section  class='av_textblock_section av-l6nk2ahq-747d6456b3301c5e8274634657b9ee2e '   itemscope=\"itemscope\" itemtype=\"https:\/\/schema.org\/CreativeWork\" ><div class='avia_textblock av_inherit_color'  itemprop=\"text\" ><p>Stromverbrauch 0,50 \u20ac pro kWh<\/p>\n<h3>Herunterladen<\/h3>\n<p><a href=\"https:\/\/www.marinaschokkerstrand.nl\/de\/hafenplan\/\">Hafenplan<\/a><br \/>\n<a href=\"https:\/\/www.marinaschokkerstrand.nl\/wp-content\/uploads\/2024\/05\/havenregelement_1_-vertaald-de.pdf\" target=\"_blank\" rel=\"noopener\">Hafenordnung<\/a><br \/>\n<a href=\"https:\/\/www.marinaschokkerstrand.nl\/wp-content\/uploads\/2022\/08\/hiswa-algemene-voorwaarden.pdf\">HISWA-Bedingungen<\/a><\/p>\n<p>Die Preise gelten f\u00fcr unsere Standard-Liegepl\u00e4tze und beinhalten die gesetzliche Mehrwertsteuer. Die Mieten werden j\u00e4hrlich nach dem niederl\u00e4ndischen CBS-Verbraucherpreisindex angepasst.<\/p>\n<\/div><\/section><\/p><\/div><div  class='flex_column av-zfbl-6424f99ebe40267ab079e9ee59f14e23 av_two_third  avia-builder-el-5  el_after_av_one_third  avia-builder-el-last  flex_column_div  '     ><style type=\"text\/css\" data-created_by=\"avia_inline_auto\" id=\"style-css-av-l6nkc39h-7da35c2446ddc9486245931d9ef999af\">\n#top .av_textblock_section.av-l6nkc39h-7da35c2446ddc9486245931d9ef999af .avia_textblock{\ncolor:#00abc8;\n}\n<\/style>\n<section  class='av_textblock_section av-l6nkc39h-7da35c2446ddc9486245931d9ef999af '   itemscope=\"itemscope\" itemtype=\"https:\/\/schema.org\/CreativeWork\" ><div class='avia_textblock av_inherit_color'  itemprop=\"text\" ><h2>Jahresliegeplatz mieten<\/h2>\n<\/div><\/section><br \/>\n<section  class='av_textblock_section av-l6nkanjb-916849a0054e24fbe9700525fb550c4c '   itemscope=\"itemscope\" itemtype=\"https:\/\/schema.org\/CreativeWork\" ><div class='avia_textblock'  itemprop=\"text\" ><p>Sind Sie interessiert an einem Dauerliegeplatz im Yachthafen Marina Schokkerstrand?<br \/>\nBitte wenden Sie sich an den Hafenmeister. Selbstverst\u00e4ndlich sind Sie jederzeit herzlich willkommen, pers\u00f6nlich vorbei zu kommen. Vereinbaren Sie einen Termin oder schauen Sie im Hafenb\u00fcro vorbei.<\/p>\n<h3>Mieten &#8230; oder kaufen?<\/h3>\n<p>In der Marina Schokkerstrand k\u00f6nnen Sie, wie in anderen Yachthafen auch, Liegepl\u00e4tze mieten. Das Besondere ist, dass in der Marina Schokkerstrand auch einige Bootsliegepl\u00e4tze zum Verkauf stehen.<br \/>\nMehr erfahren? Schauen Sie sich die Kaufoptionen an<\/p>\n<p>Telefon: <a href=\"tel:+31527652797\">+31(0) 527-652797<\/a><br \/>\nE-Mail: <a href=\"mailto:info@marinaschokkerstrand.nl\">info@marinaschokkerstrand.nl<\/a><br \/>\nAdresse: <a href=\"https:\/\/goo.gl\/maps\/fbGjdr7fcQGePji36\" target=\"_blank\" rel=\"noopener\">Schokkerhaven 2, 8308 PX Nagele<\/a><\/p>\n<p>Die Marina Schokkerstrand beherbergt nur gut gewartete, fahrt\u00fcchtige Boote.<\/p>\n<\/div><\/section><\/p><\/div><\/p>\n","protected":false},"excerpt":{"rendered":"","protected":false},"author":2,"featured_media":0,"parent":737,"menu_order":0,"comment_status":"closed","ping_status":"closed","template":"","meta":{"footnotes":""},"class_list":["post-755","page","type-page","status-publish","hentry"],"yoast_head":"<!-- This site is optimized with the Yoast SEO plugin v27.5 - https:\/\/yoast.com\/product\/yoast-seo-wordpress\/ -->\n<title>Preise Jahresmiete - Marina Schokkerstrand<\/title>\n<meta name=\"robots\" content=\"index, follow, max-snippet:-1, max-image-preview:large, max-video-preview:-1\" \/>\n<link rel=\"canonical\" href=\"https:\/\/www.marinaschokkerstrand.nl\/de\/de-jachthaven\/preise-jahresmiete\/\" \/>\n<meta property=\"og:locale\" content=\"de_DE\" \/>\n<meta property=\"og:type\" content=\"article\" \/>\n<meta property=\"og:title\" content=\"Preise Jahresmiete - Marina Schokkerstrand\" \/>\n<meta property=\"og:url\" content=\"https:\/\/www.marinaschokkerstrand.nl\/de\/de-jachthaven\/preise-jahresmiete\/\" \/>\n<meta property=\"og:site_name\" content=\"Marina Schokkerstrand\" \/>\n<meta property=\"article:publisher\" content=\"https:\/\/www.facebook.com\/MarinaSchokkerstrand\/\" \/>\n<meta property=\"article:modified_time\" content=\"2025-02-12T12:37:15+00:00\" \/>\n<meta name=\"twitter:card\" content=\"summary_large_image\" \/>\n<meta name=\"twitter:label1\" content=\"Gesch\u00e4tzte Lesezeit\" \/>\n\t<meta name=\"twitter:data1\" content=\"1\u00a0Minute\" \/>\n<script type=\"application\/ld+json\" class=\"yoast-schema-graph\">{\"@context\":\"https:\\\/\\\/schema.org\",\"@graph\":[{\"@type\":\"WebPage\",\"@id\":\"https:\\\/\\\/www.marinaschokkerstrand.nl\\\/de\\\/de-jachthaven\\\/preise-jahresmiete\\\/\",\"url\":\"https:\\\/\\\/www.marinaschokkerstrand.nl\\\/de\\\/de-jachthaven\\\/preise-jahresmiete\\\/\",\"name\":\"Preise Jahresmiete - Marina Schokkerstrand\",\"isPartOf\":{\"@id\":\"https:\\\/\\\/www.marinaschokkerstrand.nl\\\/de\\\/#website\"},\"datePublished\":\"2022-08-09T13:15:27+00:00\",\"dateModified\":\"2025-02-12T12:37:15+00:00\",\"breadcrumb\":{\"@id\":\"https:\\\/\\\/www.marinaschokkerstrand.nl\\\/de\\\/de-jachthaven\\\/preise-jahresmiete\\\/#breadcrumb\"},\"inLanguage\":\"de\",\"potentialAction\":[{\"@type\":\"ReadAction\",\"target\":[\"https:\\\/\\\/www.marinaschokkerstrand.nl\\\/de\\\/de-jachthaven\\\/preise-jahresmiete\\\/\"]}]},{\"@type\":\"BreadcrumbList\",\"@id\":\"https:\\\/\\\/www.marinaschokkerstrand.nl\\\/de\\\/de-jachthaven\\\/preise-jahresmiete\\\/#breadcrumb\",\"itemListElement\":[{\"@type\":\"ListItem\",\"position\":1,\"name\":\"Home\",\"item\":\"https:\\\/\\\/www.marinaschokkerstrand.nl\\\/de\\\/de-jachthaven\\\/\"},{\"@type\":\"ListItem\",\"position\":2,\"name\":\"Der Yachthafen\",\"item\":\"https:\\\/\\\/www.marinaschokkerstrand.nl\\\/de\\\/de-jachthaven\\\/\"},{\"@type\":\"ListItem\",\"position\":3,\"name\":\"Preise Jahresmiete\"}]},{\"@type\":\"WebSite\",\"@id\":\"https:\\\/\\\/www.marinaschokkerstrand.nl\\\/de\\\/#website\",\"url\":\"https:\\\/\\\/www.marinaschokkerstrand.nl\\\/de\\\/\",\"name\":\"Marina Schokkerstrand\",\"description\":\"\",\"publisher\":{\"@id\":\"https:\\\/\\\/www.marinaschokkerstrand.nl\\\/de\\\/#organization\"},\"potentialAction\":[{\"@type\":\"SearchAction\",\"target\":{\"@type\":\"EntryPoint\",\"urlTemplate\":\"https:\\\/\\\/www.marinaschokkerstrand.nl\\\/de\\\/?s={search_term_string}\"},\"query-input\":{\"@type\":\"PropertyValueSpecification\",\"valueRequired\":true,\"valueName\":\"search_term_string\"}}],\"inLanguage\":\"de\"},{\"@type\":\"Organization\",\"@id\":\"https:\\\/\\\/www.marinaschokkerstrand.nl\\\/de\\\/#organization\",\"name\":\"Marina Schokkerstrand\",\"url\":\"https:\\\/\\\/www.marinaschokkerstrand.nl\\\/de\\\/\",\"logo\":{\"@type\":\"ImageObject\",\"inLanguage\":\"de\",\"@id\":\"https:\\\/\\\/www.marinaschokkerstrand.nl\\\/de\\\/#\\\/schema\\\/logo\\\/image\\\/\",\"url\":\"https:\\\/\\\/www.marinaschokkerstrand.nl\\\/wp-content\\\/uploads\\\/2022\\\/09\\\/LOGO-MARINA-SCHOKKERSTRAND-KLEIN.jpg\",\"contentUrl\":\"https:\\\/\\\/www.marinaschokkerstrand.nl\\\/wp-content\\\/uploads\\\/2022\\\/09\\\/LOGO-MARINA-SCHOKKERSTRAND-KLEIN.jpg\",\"width\":2055,\"height\":552,\"caption\":\"Marina Schokkerstrand\"},\"image\":{\"@id\":\"https:\\\/\\\/www.marinaschokkerstrand.nl\\\/de\\\/#\\\/schema\\\/logo\\\/image\\\/\"},\"sameAs\":[\"https:\\\/\\\/www.facebook.com\\\/MarinaSchokkerstrand\\\/\",\"https:\\\/\\\/www.instagram.com\\\/marina_schokkerstrand\\\/\"]}]}<\/script>\n<!-- \/ Yoast SEO plugin. -->","yoast_head_json":{"title":"Preise Jahresmiete - Marina Schokkerstrand","robots":{"index":"index","follow":"follow","max-snippet":"max-snippet:-1","max-image-preview":"max-image-preview:large","max-video-preview":"max-video-preview:-1"},"canonical":"https:\/\/www.marinaschokkerstrand.nl\/de\/de-jachthaven\/preise-jahresmiete\/","og_locale":"de_DE","og_type":"article","og_title":"Preise Jahresmiete - Marina Schokkerstrand","og_url":"https:\/\/www.marinaschokkerstrand.nl\/de\/de-jachthaven\/preise-jahresmiete\/","og_site_name":"Marina Schokkerstrand","article_publisher":"https:\/\/www.facebook.com\/MarinaSchokkerstrand\/","article_modified_time":"2025-02-12T12:37:15+00:00","twitter_card":"summary_large_image","twitter_misc":{"Gesch\u00e4tzte Lesezeit":"1\u00a0Minute"},"schema":{"@context":"https:\/\/schema.org","@graph":[{"@type":"WebPage","@id":"https:\/\/www.marinaschokkerstrand.nl\/de\/de-jachthaven\/preise-jahresmiete\/","url":"https:\/\/www.marinaschokkerstrand.nl\/de\/de-jachthaven\/preise-jahresmiete\/","name":"Preise Jahresmiete - Marina Schokkerstrand","isPartOf":{"@id":"https:\/\/www.marinaschokkerstrand.nl\/de\/#website"},"datePublished":"2022-08-09T13:15:27+00:00","dateModified":"2025-02-12T12:37:15+00:00","breadcrumb":{"@id":"https:\/\/www.marinaschokkerstrand.nl\/de\/de-jachthaven\/preise-jahresmiete\/#breadcrumb"},"inLanguage":"de","potentialAction":[{"@type":"ReadAction","target":["https:\/\/www.marinaschokkerstrand.nl\/de\/de-jachthaven\/preise-jahresmiete\/"]}]},{"@type":"BreadcrumbList","@id":"https:\/\/www.marinaschokkerstrand.nl\/de\/de-jachthaven\/preise-jahresmiete\/#breadcrumb","itemListElement":[{"@type":"ListItem","position":1,"name":"Home","item":"https:\/\/www.marinaschokkerstrand.nl\/de\/de-jachthaven\/"},{"@type":"ListItem","position":2,"name":"Der Yachthafen","item":"https:\/\/www.marinaschokkerstrand.nl\/de\/de-jachthaven\/"},{"@type":"ListItem","position":3,"name":"Preise Jahresmiete"}]},{"@type":"WebSite","@id":"https:\/\/www.marinaschokkerstrand.nl\/de\/#website","url":"https:\/\/www.marinaschokkerstrand.nl\/de\/","name":"Marina Schokkerstrand","description":"","publisher":{"@id":"https:\/\/www.marinaschokkerstrand.nl\/de\/#organization"},"potentialAction":[{"@type":"SearchAction","target":{"@type":"EntryPoint","urlTemplate":"https:\/\/www.marinaschokkerstrand.nl\/de\/?s={search_term_string}"},"query-input":{"@type":"PropertyValueSpecification","valueRequired":true,"valueName":"search_term_string"}}],"inLanguage":"de"},{"@type":"Organization","@id":"https:\/\/www.marinaschokkerstrand.nl\/de\/#organization","name":"Marina Schokkerstrand","url":"https:\/\/www.marinaschokkerstrand.nl\/de\/","logo":{"@type":"ImageObject","inLanguage":"de","@id":"https:\/\/www.marinaschokkerstrand.nl\/de\/#\/schema\/logo\/image\/","url":"https:\/\/www.marinaschokkerstrand.nl\/wp-content\/uploads\/2022\/09\/LOGO-MARINA-SCHOKKERSTRAND-KLEIN.jpg","contentUrl":"https:\/\/www.marinaschokkerstrand.nl\/wp-content\/uploads\/2022\/09\/LOGO-MARINA-SCHOKKERSTRAND-KLEIN.jpg","width":2055,"height":552,"caption":"Marina Schokkerstrand"},"image":{"@id":"https:\/\/www.marinaschokkerstrand.nl\/de\/#\/schema\/logo\/image\/"},"sameAs":["https:\/\/www.facebook.com\/MarinaSchokkerstrand\/","https:\/\/www.instagram.com\/marina_schokkerstrand\/"]}]}},"_links":{"self":[{"href":"https:\/\/www.marinaschokkerstrand.nl\/de\/wp-json\/wp\/v2\/pages\/755","targetHints":{"allow":["GET"]}}],"collection":[{"href":"https:\/\/www.marinaschokkerstrand.nl\/de\/wp-json\/wp\/v2\/pages"}],"about":[{"href":"https:\/\/www.marinaschokkerstrand.nl\/de\/wp-json\/wp\/v2\/types\/page"}],"author":[{"embeddable":true,"href":"https:\/\/www.marinaschokkerstrand.nl\/de\/wp-json\/wp\/v2\/users\/2"}],"replies":[{"embeddable":true,"href":"https:\/\/www.marinaschokkerstrand.nl\/de\/wp-json\/wp\/v2\/comments?post=755"}],"version-history":[{"count":16,"href":"https:\/\/www.marinaschokkerstrand.nl\/de\/wp-json\/wp\/v2\/pages\/755\/revisions"}],"predecessor-version":[{"id":2135,"href":"https:\/\/www.marinaschokkerstrand.nl\/de\/wp-json\/wp\/v2\/pages\/755\/revisions\/2135"}],"up":[{"embeddable":true,"href":"https:\/\/www.marinaschokkerstrand.nl\/de\/wp-json\/wp\/v2\/pages\/737"}],"wp:attachment":[{"href":"https:\/\/www.marinaschokkerstrand.nl\/de\/wp-json\/wp\/v2\/media?parent=755"}],"curies":[{"name":"wp","href":"https:\/\/api.w.org\/{rel}","templated":true}]}}