{"id":748,"date":"2022-08-10T07:14:37","date_gmt":"2022-08-10T07:14:37","guid":{"rendered":"https:\/\/www.marinaschokkerstrand.nl\/de-jachthaven\/preise-fuer-gastlieger\/"},"modified":"2025-06-03T11:49:55","modified_gmt":"2025-06-03T11:49:55","slug":"preise-fuer-gastlieger","status":"publish","type":"page","link":"https:\/\/www.marinaschokkerstrand.nl\/de\/de-jachthaven\/preise-fuer-gastlieger\/","title":{"rendered":"Preise f\u00fcr Gastlieger"},"content":{"rendered":"\n<style type=\"text\/css\" data-created_by=\"avia_inline_auto\" id=\"style-css-av-2cj6p-00da7794a3833aaa41d0a5e8b08d2f85\">\n.avia-section.av-2cj6p-00da7794a3833aaa41d0a5e8b08d2f85{\nbackground-repeat:no-repeat;\nbackground-image:url(https:\/\/www.marinaschokkerstrand.nl\/wp-content\/uploads\/2022\/08\/pixie_1660053877186.png);\nbackground-position:50% 100%;\nbackground-attachment:scroll;\n}\n<\/style>\n<div id='av_section_1'  class='avia-section av-2cj6p-00da7794a3833aaa41d0a5e8b08d2f85 main_color avia-section-default avia-no-border-styling  avia-builder-el-0  el_before_av_section  avia-builder-el-first  avia-full-stretch avia-bg-style-scroll av-minimum-height av-minimum-height-12 av-height-percent  container_wrap fullsize'  data-section-bg-repeat='stretch' data-av_minimum_height_pc='12' data-av_min_height_opt='percent'><div class='container av-section-cont-open' ><main  role=\"main\" itemprop=\"mainContentOfPage\"  class='template-page content  av-content-full alpha units'><div class='post-entry post-entry-type-page post-entry-748'><div class='entry-content-wrapper clearfix'>\n<\/div><\/div><\/main><!-- close content main element --><\/div><\/div>\n<style type=\"text\/css\" data-created_by=\"avia_inline_auto\" id=\"style-css-av-1b2nh-1e94a1af422780fdc2728525a9f6c073\">\n.avia-section.av-1b2nh-1e94a1af422780fdc2728525a9f6c073{\nbackground-color:#003973;\nbackground-image:unset;\n}\n<\/style>\n<div id='av_section_2'  class='avia-section av-1b2nh-1e94a1af422780fdc2728525a9f6c073 main_color avia-section-no-padding avia-no-border-styling  avia-builder-el-1  el_after_av_section  el_before_av_one_third  avia-bg-style-scroll container_wrap fullsize'  ><div class='container av-section-cont-open' ><div class='template-page content  av-content-full alpha units'><div class='post-entry post-entry-type-page post-entry-748'><div class='entry-content-wrapper clearfix'>\n\n<style type=\"text\/css\" data-created_by=\"avia_inline_auto\" id=\"style-css-av-44l5-3411b48ab3b62d7633ca0b21ca16a74e\">\n.flex_column.av-44l5-3411b48ab3b62d7633ca0b21ca16a74e{\npadding:0 0 0 0;\nbackground-color:#003973;\n}\n<\/style>\n<div  class='flex_column av-44l5-3411b48ab3b62d7633ca0b21ca16a74e av_one_full  avia-builder-el-2  avia-builder-el-no-sibling  first flex_column_div  '     ><style type=\"text\/css\" data-created_by=\"avia_inline_auto\" id=\"style-css-av-l6p2u7br-ba6a7528b420747297e43f74ceb6630d\">\n#top .av_textblock_section.av-l6p2u7br-ba6a7528b420747297e43f74ceb6630d .avia_textblock{\nfont-size:15px;\ncolor:#0a0a0a;\n}\n<\/style>\n<section  class='av_textblock_section av-l6p2u7br-ba6a7528b420747297e43f74ceb6630d '   itemscope=\"itemscope\" itemtype=\"https:\/\/schema.org\/CreativeWork\" ><div class='avia_textblock blok-home av_inherit_color'  itemprop=\"text\" ><section id=\"block-9-611797\" class=\"v-34\">\n<div class=\"container\">\n<div class=\"row\">\n<div class=\"col\">\n<div class=\"text-3\" style=\"color: white;\">\n<p>Die Marina Schokkerstrand liegt am Ketelmeer, einem noch unentdeckten Wassersportgebiet mit weitl\u00e4ufigen und gesch\u00fctzten Gew\u00e4ssern an der Ostseite des IJsselmeers, zwischen der IJssel und dem IJsselmeer. Die Marina Schokkerstrand ist f\u00fcr jeden Bootstyp und bei jedem Wetter ein guter Ausgangspunkt f\u00fcr T\u00f6rns in ein faszinierendes Segelrevier.<\/p>\n<\/div>\n<\/div>\n<\/div>\n<\/div>\n<\/section>\n<\/div><\/section><\/div>\n<\/div><\/div><\/div><!-- close content main div --><\/div><\/div><div id='after_section_2'  class='main_color av_default_container_wrap container_wrap fullsize'  ><div class='container av-section-cont-open' ><div class='template-page content  av-content-full alpha units'><div class='post-entry post-entry-type-page post-entry-748'><div class='entry-content-wrapper clearfix'>\n\n<style type=\"text\/css\" data-created_by=\"avia_inline_auto\" id=\"style-css-av-9m1jd-9842523228268254c26f395edcd82ead\">\n.flex_column.av-9m1jd-9842523228268254c26f395edcd82ead{\npadding:25px 0 0 25px;\nbackground-color:#003973;\n}\n<\/style>\n<div  class='flex_column av-9m1jd-9842523228268254c26f395edcd82ead av_one_third  avia-builder-el-4  el_after_av_section  el_before_av_two_third  avia-builder-el-first  first flex_column_div  '     ><style type=\"text\/css\" data-created_by=\"avia_inline_auto\" id=\"style-css-av-l6nlkd6m-83d4c6ba358a91ce215e11d12ced4e98\">\n#top .av_textblock_section.av-l6nlkd6m-83d4c6ba358a91ce215e11d12ced4e98 .avia_textblock{\ncolor:#ffffff;\n}\n<\/style>\n<section  class='av_textblock_section av-l6nlkd6m-83d4c6ba358a91ce215e11d12ced4e98 '   itemscope=\"itemscope\" itemtype=\"https:\/\/schema.org\/CreativeWork\" ><div class='avia_textblock av_inherit_color'  itemprop=\"text\" ><h3 class=\"heading-3\" style=\"color: white;\">Preise f\u00fcr Gastlieger<\/h3>\n<div class=\"text-2\">\n<p>\u20ac 3,00 \u00a0pro Meter pro Nacht inklusive Sanit\u00e4r- und Duschenbenutzung, Wasser, Strom (16 Ah) ,WLAN, Abfall und Toeristensteuer.<\/p>\n<h3 style=\"color: white;\">Herunterladen<\/h3>\n<p><a style=\"color: white;\" href=\"https:\/\/www.marinaschokkerstrand.nl\/de\/hafenplan\/\">Hafenplan<\/a><\/p>\n<\/div>\n<\/div><\/section><br \/>\n\n<style type=\"text\/css\" data-created_by=\"avia_inline_auto\" id=\"style-css-av-96vxp-51fe27feabcd0b9da7e36f9171318e4a\">\n#top .av_textblock_section.av-96vxp-51fe27feabcd0b9da7e36f9171318e4a .avia_textblock{\ncolor:#ffffff;\n}\n<\/style>\n<section  class='av_textblock_section av-96vxp-51fe27feabcd0b9da7e36f9171318e4a '   itemscope=\"itemscope\" itemtype=\"https:\/\/schema.org\/CreativeWork\" ><div class='avia_textblock av_inherit_color'  itemprop=\"text\" ><h3>Jahrestarife<\/h3>\n<\/div><\/section><br \/>\n<div  class='avia-table av-8h65x-2139b956396f13bb7c216ff490d8ab23 main_color avia-pricing-table-container avia_pricing_default  avia-builder-el-7  el_after_av_textblock  avia-builder-el-last  tabel avia-table-1'  itemscope=\"itemscope\" itemtype=\"https:\/\/schema.org\/Table\" ><div class=\"pricing-table-wrap\"><ul class='pricing-table '><li class=''><div class='first-table-item'>10 m 2505 \u20ac<\/div><span class='pricing-extra'><\/span><\/li><li class=''>11 m 2923 \u20ac<\/li><li class=''>12 m 3340 \u20ac<\/li><li class=''>14 m 3175 \u20ac<\/li><\/ul><\/div><div class=\"pricing-table-wrap\"><ul class='pricing-table '><li class=''><div class='first-table-item'>16 m 5010 \u20ac<\/div><span class='pricing-extra'><\/span><\/li><li class=''>18 m 5845 \u20ac<\/li><li class=''>20 m 6680 \u20ac<\/li><li class=' empty-table-cell'><span class='fallback-table-val'>14 m 3175 \u20ac<\/span><\/li><\/ul><\/div><\/div><\/p><\/div><div  class='flex_column av-owcl-cfecb82c7eeb29827a30cb5e0374a47e av_two_third  avia-builder-el-8  el_after_av_one_third  avia-builder-el-last  flex_column_div  '     ><style type=\"text\/css\" data-created_by=\"avia_inline_auto\" id=\"style-css-av-l6nlkml5-f24c4d6fdbcd460755579f934525b04b\">\n#top .av_textblock_section.av-l6nlkml5-f24c4d6fdbcd460755579f934525b04b .avia_textblock{\ncolor:#00abc8;\n}\n<\/style>\n<section  class='av_textblock_section av-l6nlkml5-f24c4d6fdbcd460755579f934525b04b '   itemscope=\"itemscope\" itemtype=\"https:\/\/schema.org\/CreativeWork\" ><div class='avia_textblock av_inherit_color'  itemprop=\"text\" ><h2 class=\"heading-3\">Gastliegeplatz reservieren?<\/h2>\n<\/div><\/section><br \/>\n<section  class='av_textblock_section av-l6nllcwb-d60e6161f62975f1d45e3b9f6ad301ef '   itemscope=\"itemscope\" itemtype=\"https:\/\/schema.org\/CreativeWork\" ><div class='avia_textblock'  itemprop=\"text\" ><p>Wenden Sie sich bitte an den Hafenmeister, wenn Sie einen Gastliegeplatz bei der Marina Schokkerstrand reservieren m\u00f6chten.<\/p>\n<p>Telefon <a href=\"tel:+31527652797\">+31 (0) 527 652797<\/a><br \/>\nE-Mail <a href=\"mailto:info@marinaschokkerstrand.nl\">info@marinaschokkerstrand.nl<\/a><br \/>\nAdresse <a href=\"https:\/\/goo.gl\/maps\/fbGjdr7fcQGePji36\" target=\"_blank\" rel=\"noopener\">Schokkerhaven 2, 8308 PX Nagele<\/a><\/p>\n<\/div><\/section><br \/>\n<section  class='av_textblock_section av-l7900ssh-c9dee5636a209e2d40e167cac9c5b31f '   itemscope=\"itemscope\" itemtype=\"https:\/\/schema.org\/CreativeWork\" ><div class='avia_textblock'  itemprop=\"text\" >\n<div class=\"wpcf7 no-js\" id=\"wpcf7-f464-o1\" lang=\"nl-NL\" dir=\"ltr\" data-wpcf7-id=\"464\">\n<div class=\"screen-reader-response\"><p role=\"status\" aria-live=\"polite\" aria-atomic=\"true\"><\/p> <ul><\/ul><\/div>\n<form action=\"\/de\/wp-json\/wp\/v2\/pages\/748#wpcf7-f464-o1\" method=\"post\" class=\"wpcf7-form init\" aria-label=\"Contactformulier\" novalidate=\"novalidate\" data-status=\"init\">\n<fieldset class=\"hidden-fields-container\"><input type=\"hidden\" name=\"_wpcf7\" value=\"464\" \/><input type=\"hidden\" name=\"_wpcf7_version\" value=\"6.1.5\" \/><input type=\"hidden\" name=\"_wpcf7_locale\" value=\"nl_NL\" \/><input type=\"hidden\" name=\"_wpcf7_unit_tag\" value=\"wpcf7-f464-o1\" \/><input type=\"hidden\" name=\"_wpcf7_container_post\" value=\"0\" \/><input type=\"hidden\" name=\"_wpcf7_posted_data_hash\" value=\"\" \/><input type=\"hidden\" name=\"_wpcf7_recaptcha_response\" value=\"\" \/>\n<\/fieldset>\n<p><label> Je naam<br \/>\n<span class=\"wpcf7-form-control-wrap\" data-name=\"your-name\"><input size=\"40\" maxlength=\"400\" class=\"wpcf7-form-control wpcf7-text wpcf7-validates-as-required\" aria-required=\"true\" aria-invalid=\"false\" value=\"\" type=\"text\" name=\"your-name\" \/><\/span> <\/label>\n<\/p>\n<p><label> Je e-mailadres<br \/>\n<span class=\"wpcf7-form-control-wrap\" data-name=\"your-email\"><input size=\"40\" maxlength=\"400\" class=\"wpcf7-form-control wpcf7-email wpcf7-validates-as-required wpcf7-text wpcf7-validates-as-email\" aria-required=\"true\" aria-invalid=\"false\" value=\"\" type=\"email\" name=\"your-email\" \/><\/span> <\/label>\n<\/p>\n<p><label> Onderwerp<br \/>\n<span class=\"wpcf7-form-control-wrap\" data-name=\"your-subject\"><input size=\"40\" maxlength=\"400\" class=\"wpcf7-form-control wpcf7-text wpcf7-validates-as-required\" aria-required=\"true\" aria-invalid=\"false\" value=\"\" type=\"text\" name=\"your-subject\" \/><\/span> <\/label>\n<\/p>\n<p><label> Je bericht (optioneel)<br \/>\n<span class=\"wpcf7-form-control-wrap\" data-name=\"your-message\"><textarea cols=\"40\" rows=\"10\" maxlength=\"2000\" class=\"wpcf7-form-control wpcf7-textarea\" aria-invalid=\"false\" name=\"your-message\"><\/textarea><\/span> <\/label>\n<\/p>\n<p><input class=\"wpcf7-form-control wpcf7-submit has-spinner\" type=\"submit\" value=\"Verzenden\" \/>\n<\/p><div class=\"wpcf7-response-output\" aria-hidden=\"true\"><\/div>\n<\/form>\n<\/div>\n\n<\/div><\/section><\/p><\/div><\/p>\n","protected":false},"excerpt":{"rendered":"","protected":false},"author":2,"featured_media":0,"parent":737,"menu_order":0,"comment_status":"closed","ping_status":"closed","template":"","meta":{"footnotes":""},"class_list":["post-748","page","type-page","status-publish","hentry"],"yoast_head":"<!-- This site is optimized with the Yoast SEO plugin v27.3 - https:\/\/yoast.com\/product\/yoast-seo-wordpress\/ -->\n<title>Preise f\u00fcr Gastlieger - Marina Schokkerstrand<\/title>\n<meta name=\"robots\" content=\"index, follow, max-snippet:-1, max-image-preview:large, max-video-preview:-1\" \/>\n<link rel=\"canonical\" href=\"https:\/\/www.marinaschokkerstrand.nl\/de\/de-jachthaven\/preise-fuer-gastlieger\/\" \/>\n<meta property=\"og:locale\" content=\"de_DE\" \/>\n<meta property=\"og:type\" content=\"article\" \/>\n<meta property=\"og:title\" content=\"Preise f\u00fcr Gastlieger - Marina Schokkerstrand\" \/>\n<meta property=\"og:url\" content=\"https:\/\/www.marinaschokkerstrand.nl\/de\/de-jachthaven\/preise-fuer-gastlieger\/\" \/>\n<meta property=\"og:site_name\" content=\"Marina Schokkerstrand\" \/>\n<meta property=\"article:publisher\" content=\"https:\/\/www.facebook.com\/MarinaSchokkerstrand\/\" \/>\n<meta property=\"article:modified_time\" content=\"2025-06-03T11:49:55+00:00\" \/>\n<meta name=\"twitter:card\" content=\"summary_large_image\" \/>\n<meta name=\"twitter:label1\" content=\"Gesch\u00e4tzte Lesezeit\" \/>\n\t<meta name=\"twitter:data1\" content=\"1\u00a0Minute\" \/>\n<script type=\"application\/ld+json\" class=\"yoast-schema-graph\">{\"@context\":\"https:\\\/\\\/schema.org\",\"@graph\":[{\"@type\":\"WebPage\",\"@id\":\"https:\\\/\\\/www.marinaschokkerstrand.nl\\\/de\\\/de-jachthaven\\\/preise-fuer-gastlieger\\\/\",\"url\":\"https:\\\/\\\/www.marinaschokkerstrand.nl\\\/de\\\/de-jachthaven\\\/preise-fuer-gastlieger\\\/\",\"name\":\"Preise f\u00fcr Gastlieger - Marina Schokkerstrand\",\"isPartOf\":{\"@id\":\"https:\\\/\\\/www.marinaschokkerstrand.nl\\\/de\\\/#website\"},\"datePublished\":\"2022-08-10T07:14:37+00:00\",\"dateModified\":\"2025-06-03T11:49:55+00:00\",\"breadcrumb\":{\"@id\":\"https:\\\/\\\/www.marinaschokkerstrand.nl\\\/de\\\/de-jachthaven\\\/preise-fuer-gastlieger\\\/#breadcrumb\"},\"inLanguage\":\"de\",\"potentialAction\":[{\"@type\":\"ReadAction\",\"target\":[\"https:\\\/\\\/www.marinaschokkerstrand.nl\\\/de\\\/de-jachthaven\\\/preise-fuer-gastlieger\\\/\"]}]},{\"@type\":\"BreadcrumbList\",\"@id\":\"https:\\\/\\\/www.marinaschokkerstrand.nl\\\/de\\\/de-jachthaven\\\/preise-fuer-gastlieger\\\/#breadcrumb\",\"itemListElement\":[{\"@type\":\"ListItem\",\"position\":1,\"name\":\"Home\",\"item\":\"https:\\\/\\\/www.marinaschokkerstrand.nl\\\/de\\\/de-jachthaven\\\/\"},{\"@type\":\"ListItem\",\"position\":2,\"name\":\"Der Yachthafen\",\"item\":\"https:\\\/\\\/www.marinaschokkerstrand.nl\\\/de\\\/de-jachthaven\\\/\"},{\"@type\":\"ListItem\",\"position\":3,\"name\":\"Preise f\u00fcr Gastlieger\"}]},{\"@type\":\"WebSite\",\"@id\":\"https:\\\/\\\/www.marinaschokkerstrand.nl\\\/de\\\/#website\",\"url\":\"https:\\\/\\\/www.marinaschokkerstrand.nl\\\/de\\\/\",\"name\":\"Marina Schokkerstrand\",\"description\":\"\",\"publisher\":{\"@id\":\"https:\\\/\\\/www.marinaschokkerstrand.nl\\\/de\\\/#organization\"},\"potentialAction\":[{\"@type\":\"SearchAction\",\"target\":{\"@type\":\"EntryPoint\",\"urlTemplate\":\"https:\\\/\\\/www.marinaschokkerstrand.nl\\\/de\\\/?s={search_term_string}\"},\"query-input\":{\"@type\":\"PropertyValueSpecification\",\"valueRequired\":true,\"valueName\":\"search_term_string\"}}],\"inLanguage\":\"de\"},{\"@type\":\"Organization\",\"@id\":\"https:\\\/\\\/www.marinaschokkerstrand.nl\\\/de\\\/#organization\",\"name\":\"Marina Schokkerstrand\",\"url\":\"https:\\\/\\\/www.marinaschokkerstrand.nl\\\/de\\\/\",\"logo\":{\"@type\":\"ImageObject\",\"inLanguage\":\"de\",\"@id\":\"https:\\\/\\\/www.marinaschokkerstrand.nl\\\/de\\\/#\\\/schema\\\/logo\\\/image\\\/\",\"url\":\"https:\\\/\\\/www.marinaschokkerstrand.nl\\\/wp-content\\\/uploads\\\/2022\\\/09\\\/LOGO-MARINA-SCHOKKERSTRAND-KLEIN.jpg\",\"contentUrl\":\"https:\\\/\\\/www.marinaschokkerstrand.nl\\\/wp-content\\\/uploads\\\/2022\\\/09\\\/LOGO-MARINA-SCHOKKERSTRAND-KLEIN.jpg\",\"width\":2055,\"height\":552,\"caption\":\"Marina Schokkerstrand\"},\"image\":{\"@id\":\"https:\\\/\\\/www.marinaschokkerstrand.nl\\\/de\\\/#\\\/schema\\\/logo\\\/image\\\/\"},\"sameAs\":[\"https:\\\/\\\/www.facebook.com\\\/MarinaSchokkerstrand\\\/\",\"https:\\\/\\\/www.instagram.com\\\/marina_schokkerstrand\\\/\"]}]}<\/script>\n<!-- \/ Yoast SEO plugin. -->","yoast_head_json":{"title":"Preise f\u00fcr Gastlieger - Marina Schokkerstrand","robots":{"index":"index","follow":"follow","max-snippet":"max-snippet:-1","max-image-preview":"max-image-preview:large","max-video-preview":"max-video-preview:-1"},"canonical":"https:\/\/www.marinaschokkerstrand.nl\/de\/de-jachthaven\/preise-fuer-gastlieger\/","og_locale":"de_DE","og_type":"article","og_title":"Preise f\u00fcr Gastlieger - Marina Schokkerstrand","og_url":"https:\/\/www.marinaschokkerstrand.nl\/de\/de-jachthaven\/preise-fuer-gastlieger\/","og_site_name":"Marina Schokkerstrand","article_publisher":"https:\/\/www.facebook.com\/MarinaSchokkerstrand\/","article_modified_time":"2025-06-03T11:49:55+00:00","twitter_card":"summary_large_image","twitter_misc":{"Gesch\u00e4tzte Lesezeit":"1\u00a0Minute"},"schema":{"@context":"https:\/\/schema.org","@graph":[{"@type":"WebPage","@id":"https:\/\/www.marinaschokkerstrand.nl\/de\/de-jachthaven\/preise-fuer-gastlieger\/","url":"https:\/\/www.marinaschokkerstrand.nl\/de\/de-jachthaven\/preise-fuer-gastlieger\/","name":"Preise f\u00fcr Gastlieger - Marina Schokkerstrand","isPartOf":{"@id":"https:\/\/www.marinaschokkerstrand.nl\/de\/#website"},"datePublished":"2022-08-10T07:14:37+00:00","dateModified":"2025-06-03T11:49:55+00:00","breadcrumb":{"@id":"https:\/\/www.marinaschokkerstrand.nl\/de\/de-jachthaven\/preise-fuer-gastlieger\/#breadcrumb"},"inLanguage":"de","potentialAction":[{"@type":"ReadAction","target":["https:\/\/www.marinaschokkerstrand.nl\/de\/de-jachthaven\/preise-fuer-gastlieger\/"]}]},{"@type":"BreadcrumbList","@id":"https:\/\/www.marinaschokkerstrand.nl\/de\/de-jachthaven\/preise-fuer-gastlieger\/#breadcrumb","itemListElement":[{"@type":"ListItem","position":1,"name":"Home","item":"https:\/\/www.marinaschokkerstrand.nl\/de\/de-jachthaven\/"},{"@type":"ListItem","position":2,"name":"Der Yachthafen","item":"https:\/\/www.marinaschokkerstrand.nl\/de\/de-jachthaven\/"},{"@type":"ListItem","position":3,"name":"Preise f\u00fcr Gastlieger"}]},{"@type":"WebSite","@id":"https:\/\/www.marinaschokkerstrand.nl\/de\/#website","url":"https:\/\/www.marinaschokkerstrand.nl\/de\/","name":"Marina Schokkerstrand","description":"","publisher":{"@id":"https:\/\/www.marinaschokkerstrand.nl\/de\/#organization"},"potentialAction":[{"@type":"SearchAction","target":{"@type":"EntryPoint","urlTemplate":"https:\/\/www.marinaschokkerstrand.nl\/de\/?s={search_term_string}"},"query-input":{"@type":"PropertyValueSpecification","valueRequired":true,"valueName":"search_term_string"}}],"inLanguage":"de"},{"@type":"Organization","@id":"https:\/\/www.marinaschokkerstrand.nl\/de\/#organization","name":"Marina Schokkerstrand","url":"https:\/\/www.marinaschokkerstrand.nl\/de\/","logo":{"@type":"ImageObject","inLanguage":"de","@id":"https:\/\/www.marinaschokkerstrand.nl\/de\/#\/schema\/logo\/image\/","url":"https:\/\/www.marinaschokkerstrand.nl\/wp-content\/uploads\/2022\/09\/LOGO-MARINA-SCHOKKERSTRAND-KLEIN.jpg","contentUrl":"https:\/\/www.marinaschokkerstrand.nl\/wp-content\/uploads\/2022\/09\/LOGO-MARINA-SCHOKKERSTRAND-KLEIN.jpg","width":2055,"height":552,"caption":"Marina Schokkerstrand"},"image":{"@id":"https:\/\/www.marinaschokkerstrand.nl\/de\/#\/schema\/logo\/image\/"},"sameAs":["https:\/\/www.facebook.com\/MarinaSchokkerstrand\/","https:\/\/www.instagram.com\/marina_schokkerstrand\/"]}]}},"_links":{"self":[{"href":"https:\/\/www.marinaschokkerstrand.nl\/de\/wp-json\/wp\/v2\/pages\/748","targetHints":{"allow":["GET"]}}],"collection":[{"href":"https:\/\/www.marinaschokkerstrand.nl\/de\/wp-json\/wp\/v2\/pages"}],"about":[{"href":"https:\/\/www.marinaschokkerstrand.nl\/de\/wp-json\/wp\/v2\/types\/page"}],"author":[{"embeddable":true,"href":"https:\/\/www.marinaschokkerstrand.nl\/de\/wp-json\/wp\/v2\/users\/2"}],"replies":[{"embeddable":true,"href":"https:\/\/www.marinaschokkerstrand.nl\/de\/wp-json\/wp\/v2\/comments?post=748"}],"version-history":[{"count":21,"href":"https:\/\/www.marinaschokkerstrand.nl\/de\/wp-json\/wp\/v2\/pages\/748\/revisions"}],"predecessor-version":[{"id":2560,"href":"https:\/\/www.marinaschokkerstrand.nl\/de\/wp-json\/wp\/v2\/pages\/748\/revisions\/2560"}],"up":[{"embeddable":true,"href":"https:\/\/www.marinaschokkerstrand.nl\/de\/wp-json\/wp\/v2\/pages\/737"}],"wp:attachment":[{"href":"https:\/\/www.marinaschokkerstrand.nl\/de\/wp-json\/wp\/v2\/media?parent=748"}],"curies":[{"name":"wp","href":"https:\/\/api.w.org\/{rel}","templated":true}]}}